{"id":132,"date":"2017-05-12T09:07:24","date_gmt":"2017-05-12T07:07:24","guid":{"rendered":"http:\/\/amar24.pl\/tlumacz-przysiegly-warszawa-mokotow\/?page_id=132"},"modified":"2020-12-06T20:22:39","modified_gmt":"2020-12-06T19:22:39","slug":"tlumaczenia-przysiegle-dokumentow-samochodu","status":"publish","type":"page","link":"https:\/\/amar24.pl\/tlumacz-przysiegly-warszawa-mokotow\/tlumaczenia-przysiegle-dokumentow-samochodu\/","title":{"rendered":"T\u0142umaczenia przysi\u0119g\u0142e samochodu"},"content":{"rendered":"","protected":false},"excerpt":{"rendered":"","protected":false},"author":3,"featured_media":0,"parent":0,"menu_order":0,"comment_status":"closed","ping_status":"closed","template":"","meta":{"footnotes":""},"class_list":["post-132","page","type-page","status-publish","hentry"],"_links":{"self":[{"href":"https:\/\/amar24.pl\/tlumacz-przysiegly-warszawa-mokotow\/wp-json\/wp\/v2\/pages\/132","targetHints":{"allow":["GET"]}}],"collection":[{"href":"https:\/\/amar24.pl\/tlumacz-przysiegly-warszawa-mokotow\/wp-json\/wp\/v2\/pages"}],"about":[{"href":"https:\/\/amar24.pl\/tlumacz-przysiegly-warszawa-mokotow\/wp-json\/wp\/v2\/types\/page"}],"author":[{"embeddable":true,"href":"https:\/\/amar24.pl\/tlumacz-przysiegly-warszawa-mokotow\/wp-json\/wp\/v2\/users\/3"}],"replies":[{"embeddable":true,"href":"https:\/\/amar24.pl\/tlumacz-przysiegly-warszawa-mokotow\/wp-json\/wp\/v2\/comments?post=132"}],"version-history":[{"count":0,"href":"https:\/\/amar24.pl\/tlumacz-przysiegly-warszawa-mokotow\/wp-json\/wp\/v2\/pages\/132\/revisions"}],"wp:attachment":[{"href":"https:\/\/amar24.pl\/tlumacz-przysiegly-warszawa-mokotow\/wp-json\/wp\/v2\/media?parent=132"}],"curies":[{"name":"wp","href":"https:\/\/api.w.org\/{rel}","templated":true}]}}