{"id":136,"date":"2017-05-12T09:16:16","date_gmt":"2017-05-12T07:16:16","guid":{"rendered":"http:\/\/amar24.pl\/tlumacz-przysiegly-warszawa-mokotow\/?page_id=136"},"modified":"2021-07-09T10:43:36","modified_gmt":"2021-07-09T08:43:36","slug":"tlumaczenia-przysiegle-notarialne","status":"publish","type":"page","link":"https:\/\/amar24.pl\/tlumacz-przysiegly-warszawa-mokotow\/tlumaczenia-przysiegle-notarialne\/","title":{"rendered":"T\u0142umaczenia przysi\u0119g\u0142e notarialne"},"content":{"rendered":"<h2>Czym s\u0105 t\u0142umaczenia przysi\u0119g\u0142e notarialne?<\/h2>\n<p>T\u0142umaczenie uwierzytelnione aktu notarialnego, zwane inaczej t\u0142umaczeniem przysi\u0119g\u0142ym notarialnym, to oficjalny przek\u0142ad aktu notarialnego sporz\u0105dzonego w j\u0119zyku obcym. Takie t\u0142umaczenie jest konieczne, je\u015bli chcesz potwierdzi\u0107 w Polsce fakt dokonania czynno\u015bci prawnej potwierdzonej przed notariuszem poza granicami kraju. W t\u0142umaczeniu powinny by\u0107 zawarte wszelkie dane oryginalnego aktu, w tym r\u00f3wnie\u017c dane notariusza, kt\u00f3ry go sporz\u0105dzi\u0142, a tak\u017ce numer repertorium i dok\u0142adny adres miejsca jego zawarcia.<\/p>\n<p>W prze\u0142o\u017ceniach po\u015bwiadczonych notarialnie jako\u015b\u0107 nie jest problemem. Chodzi bardziej o spe\u0142nienie wymog\u00f3w formalnych instytucji. Osoba zajmuj\u0105ca si\u0119 translacj\u0105 zawodowo mo\u017ce przedstawi\u0107 przet\u0142umaczony dokument notariuszowi, kt\u00f3ry poprosi t\u0142umacza o przysi\u0119g\u0119 co do dok\u0142adno\u015bci t\u0142umaczenia.<\/p>\n<p>&nbsp;<\/p>\n<h2>angielski<\/h2>\n<p>Angielski jest obecnie najpopularniejszym j\u0119zykiem na \u015bwiecie. Zapewne jak wiele os\u00f3b zdo\u0142asz lepiej lub gorzej si\u0119 nim pos\u0142ugiwa\u0107. Zdarzaj\u0105 si\u0119 jednak takie sytuacje, w kt\u00f3rych przyda Ci si\u0119 t\u0142umacz. Co wi\u0119cej, wyst\u0119puje pakiet pism, kt\u00f3re za granic\u0105 mog\u0105 by\u0107 honorowane tylko, je\u017celi wst\u0119puj\u0105 w formie t\u0142umaczenia przysi\u0119g\u0142ego. Do takich pism zaliczy\u0107 mo\u017cna r\u00f3\u017cnego rodzaju pisma urz\u0119dowe, korespondencj\u0119 z bankiem czy mecenasem. Je\u015bli wyje\u017cd\u017casz za granic\u0119 i potrzebujesz uwierzytelnienia swoich pism, powiniene\u015b najpierw odwiedzi\u0107 t\u0142umacza przysi\u0119g\u0142ego.<\/p>\n<h2>niemiecki<\/h2>\n<p>Wiele os\u00f3b decyduje si\u0119 na podj\u0119cie pracy lub przeprowadzk\u0119 do naszych zachodnich s\u0105siad\u00f3w. Taka decyzja powi\u0105zana jest z konieczno\u015bci\u0105 uzupe\u0142nienia wielu formalno\u015bci. Nawet je\u017celi sam pos\u0142ugujesz si\u0119 biegle j\u0119zykiem niemieckim, mo\u017ce si\u0119 to okaza\u0107 niewystarczaj\u0105ce. Kupno nieruchomo\u015bci, pisma urz\u0119dowe, dokumentacja medyczna \u2013 to wszystko wymaga t\u0142umaczenia przysi\u0119g\u0142ego.<\/p>\n<h2>rosyjski<\/h2>\n<p>Twoja firma otworzy\u0142a si\u0119 na kooperacj\u0119 z s\u0105siadami ze wschodu? \u015awietnie! Rosja jest kr\u00f3lestwem ca\u0142kowitym przysz\u0142ych partner\u00f3w biznesowych. Je\u015bli zaliczasz si\u0119 do starszego pokolenia, z pewno\u015bci\u0105 wspominasz przynajmniej jeszcze podstawowe zwroty. Je\u015bli jednak liczysz na rzeteln\u0105 wsp\u00f3\u0142prac\u0119, bieg\u0142o\u015b\u0107 rosyjskiego na poziomie ucznia szko\u0142y \u015bredniej, to zdecydowanie za ma\u0142o. Od czego jednak s\u0105 t\u0142umaczenia przysi\u0119g\u0142e? Znajd\u017a odpowiedniego specjalist\u0119 i pozw\u00f3l swojej firmie na pe\u0142en rozw\u00f3j!<\/p>\n<h2>ukrai\u0144ski<\/h2>\n<p>W Polsce mieszka i pracuje spory odsetek os\u00f3b narodowo\u015bci ukrai\u0144skiej. Je\u015bli kto\u015b zza wschodniej bariery pragnie znale\u017a\u0107 dzia\u0142ania lub uwie\u0144czy\u0107 si\u0119 do Polski, musi przed\u0142o\u017cy\u0107 do w\u0142a\u015bciwych instytucji pakiet pism w formie t\u0142umaczenia przysi\u0119g\u0142ego. A mo\u017ce to Twoja firma pragnie zaprosi\u0107 do wsp\u00f3\u0142pracy Ukrainki i Ukrai\u0144c\u00f3w? Je\u015bli tak, pami\u0119taj o obowi\u0105zkach, jakie ci\u0105\u017c\u0105 na Tobie jak pracodawcy aspektem pracownik\u00f3w i wsp\u00f3lnik\u00f3w spoza Unii Europejskiej. Zacznij od znalezienia rzetelnego biura t\u0142umacze\u0144, z kt\u00f3rego pomoc\u0105 za\u0142atwisz wszystkie formalno\u015bci.<\/p>\n<h2>francuski<\/h2>\n<p>Trudno jest znale\u017a\u0107 osob\u0119, kt\u00f3rej nie podoba\u0142oby si\u0119 d\u017awi\u0119czenie j\u0119zyka francuskiego. Je\u017celi wybierasz si\u0119 w podr\u00f3\u017c do pi\u0119knej Francji, z pewno\u015bci\u0105 przyda Ci si\u0119 kieszonkowy s\u0142ownik i komplet rozm\u00f3wek. Je\u015bli jednak przewidujesz rozpocz\u0105\u0107 aktywno\u015b\u0107 zawodow\u0105 w tym kraju, nawi\u0105za\u0107 wsp\u00f3\u0142prac\u0119 z francuskimi partnerami czy kupi\u0107 nieruchomo\u015b\u0107, musisz koniecznie skorzysta\u0107 z us\u0142ug biura t\u0142umacze\u0144, kt\u00f3re zajmuje si\u0119 t\u0142umaczeniem przysi\u0119g\u0142ym w zakresie j\u0119zyka francuskiego. Bez uwierzytelnionych dokument\u00f3w nie mo\u017cesz bowiem uregulowa\u0107 \u017cadnych spraw w urz\u0119dzie, banku czy s\u0105dzie.<\/p>\n<h2>hiszpa\u0144ski<\/h2>\n<p>J\u0119zyk hiszpa\u0144ski zaliczany jest do najpowszechniej wykorzystywanych j\u0119zyk\u00f3w \u015bwiata. Jest to oficjalny j\u0119zyk zar\u00f3wno w Hiszpanii, jak i w wielu pa\u0144stwach Ameryki \u0141aci\u0144skiej. Pragniesz rzuci\u0107 wszystko i odjecha\u0107 do Madrytu albo Buenos Aires? A mo\u017ce chcesz, by Twoja firma otworzy\u0142a si\u0119 na kooperacj\u0119 z po\u015brednikami tych egzotycznych pa\u0144stw? Tak czy inaczej, zacznij od organizowania spraw formalnych wiele wcze\u015bniej. Przeprowadzka lub podj\u0119cie pracy w jednym z kraj\u00f3w hiszpa\u0144skoj\u0119zycznych wymaga skompletowania wielu pism, kt\u00f3re wymagaj\u0105 t\u0142umaczenia przysi\u0119g\u0142ego.<\/p>\n<h2>w\u0142oski<\/h2>\n<p>W\u0142oski, na r\u00f3wni z francuskim i hiszpa\u0144skim, jest uznawany za jeden z najpi\u0119kniejszych j\u0119zyk\u00f3w \u015bwiata. Je\u017celi jednak obcujesz z tym j\u0119zykiem nie tylko podczas wczas\u00f3w, ale tak\u017ce w \u017cyciu profesjonalnym, powiniene\u015b skorzysta\u0107 z us\u0142ug biura t\u0142umacze\u0144, kt\u00f3re wykona dla Twojej firmy t\u0142umaczenia przysi\u0119g\u0142e. Liczysz na kooperacj\u0119 z w\u0142oskimi partnerami? A mo\u017ce s\u0105dzisz o inwestycji na po\u0142udniu Europy? Bez wzgl\u0119du na to, jakie s\u0105 Twoje plany, pami\u0119taj, \u017ce \u017cadnej formalnej sprawy nie za\u0142atwisz bez t\u0142umacza przysi\u0119g\u0142ego.<br \/>\n&nbsp;<\/p>\n<h2>Zalety wykonania t\u0142umaczenia przysi\u0119g\u0142ego notarialnego przez profesjonalist\u00f3w.<\/h2>\n<p>G\u0142\u00f3wn\u0105 funkcj\u0105  aktu notarialnego jest potwierdzenie dokonania niezwykle wa\u017cnej i donios\u0142ej czynno\u015bci prawnej. Profesjonalne t\u0142umaczenie przysi\u0119g\u0142e aktu notarialnego zagwarantuje Ci wysok\u0105 jako\u015b\u0107 przek\u0142adu j\u0119zykowego w zakresie specjalistycznych termin\u00f3w prawniczych zawartych w tre\u015bci aktu notarialnego. Jedynie do\u015bwiadczony t\u0142umacz przysi\u0119g\u0142y specjalizuj\u0105cy si\u0119 w trudnej terminologii prawniczej zapewni Ci najpe\u0142niejsze odwzorowanie tre\u015bci aktu notarialnego. <\/p>\n<h2>Ile trwa wykonanie t\u0142umaczenia przysi\u0119g\u0142ego notarialnego? \u00a0\u00a0<\/h2>\n<p>Zgodnie z prawem polskim, wszystkie akty notarialne, aby mia\u0142y moc urz\u0119dow\u0105, musz\u0105 by\u0107 sporz\u0105dzane w j\u0119zyku polskim. Co jednak w przypadku, je\u015bli jedna ze stron aktu jest obcokrajowcem i nie zna j\u0119zyka polskiego? W takim przypadku mo\u017cliwe jest skorzystanie z us\u0142ug t\u0142umacza przysi\u0119g\u0142ego, kt\u00f3ry b\u0119dzie towarzyszy\u0142 stronom podczas wizyty u notariusza. T\u0142umacz b\u0119dzie nie tylko t\u0142umaczy\u0142 tre\u015b\u0107 aktu, ale r\u00f3wnie\u017c podpisze si\u0119 pod nim wraz z notariuszem. Decyduj\u0105c si\u0119 na notarialne t\u0142umaczenie przysi\u0119g\u0142e zwr\u00f3\u0107 uwag\u0119, aby t\u0142umacz specjalizowa\u0142 si\u0119 w zakresie t\u0142umacze\u0144 akt\u00f3w prawnych. Jakie akty notarialne powinny by\u0107 przet\u0142umaczone? Nale\u017c\u0105 do nich m. in. umowy deweloperskie, sprzeda\u017c\/nabycie nieruchomo\u015bci, zbycie udzia\u0142\u00f3w, ale r\u00f3wnie\u017c umowy maj\u0105tkowe pomi\u0119dzy ma\u0142\u017conkami czy protoko\u0142y zgromadzenia wsp\u00f3lnik\u00f3w. \u00a0<\/p>\n<p>Wykonanie takiego t\u0142umaczenia trwa 3 dni, je\u015bli jest to kr\u00f3tki akt, zawieraj\u0105cy mniej ni\u017c 6 stron t\u0142umaczenia dziennie. W przypadku t\u0142umacze\u0144 pilnych trwa nie mniej ni\u017c 2 dni na ka\u017cde 7-9 stron aktu dziennie. Wtedy cena wzrasta o 20%.<\/p>\n<p>Je\u015bli potrzebujesz dokument\u00f3w w trybie ekspresowym, gdy masz mniej ni\u017c 1 dzie\u0144 na t\u0142umaczenie, a stron jest 10-12, wtedy cena wzrasta o 60%. Mo\u017cliwe jest te\u017c t\u0142umaczenie w trybie superekspresowym, w mniej ni\u017c 24 godziny lub powy\u017cej 12 stron dziennie \u2013 musisz si\u0119 liczy\u0107 wtedy ze wzrostem ceny o 100%.<\/p>\n","protected":false},"excerpt":{"rendered":"<p>Czym s\u0105 t\u0142umaczenia przysi\u0119g\u0142e notarialne? T\u0142umaczenie uwierzytelnione aktu notarialnego, zwane inaczej t\u0142umaczeniem przysi\u0119g\u0142ym notarialnym, to oficjalny przek\u0142ad aktu notarialnego sporz\u0105dzonego w j\u0119zyku obcym. Takie t\u0142umaczenie jest<span class=\"excerpt-hellip\"> [\u2026]<\/span><\/p>\n","protected":false},"author":3,"featured_media":0,"parent":0,"menu_order":0,"comment_status":"closed","ping_status":"closed","template":"","meta":{"footnotes":""},"class_list":["post-136","page","type-page","status-publish","hentry"],"_links":{"self":[{"href":"https:\/\/amar24.pl\/tlumacz-przysiegly-warszawa-mokotow\/wp-json\/wp\/v2\/pages\/136","targetHints":{"allow":["GET"]}}],"collection":[{"href":"https:\/\/amar24.pl\/tlumacz-przysiegly-warszawa-mokotow\/wp-json\/wp\/v2\/pages"}],"about":[{"href":"https:\/\/amar24.pl\/tlumacz-przysiegly-warszawa-mokotow\/wp-json\/wp\/v2\/types\/page"}],"author":[{"embeddable":true,"href":"https:\/\/amar24.pl\/tlumacz-przysiegly-warszawa-mokotow\/wp-json\/wp\/v2\/users\/3"}],"replies":[{"embeddable":true,"href":"https:\/\/amar24.pl\/tlumacz-przysiegly-warszawa-mokotow\/wp-json\/wp\/v2\/comments?post=136"}],"version-history":[{"count":0,"href":"https:\/\/amar24.pl\/tlumacz-przysiegly-warszawa-mokotow\/wp-json\/wp\/v2\/pages\/136\/revisions"}],"wp:attachment":[{"href":"https:\/\/amar24.pl\/tlumacz-przysiegly-warszawa-mokotow\/wp-json\/wp\/v2\/media?parent=136"}],"curies":[{"name":"wp","href":"https:\/\/api.w.org\/{rel}","templated":true}]}}