{"id":145,"date":"2017-05-12T09:40:15","date_gmt":"2017-05-12T07:40:15","guid":{"rendered":"http:\/\/amar24.pl\/tlumacz-przysiegly-warszawa-mokotow\/?page_id=145"},"modified":"2021-07-09T10:46:22","modified_gmt":"2021-07-09T08:46:22","slug":"tlumaczenia-przysiegle-sadowe","status":"publish","type":"page","link":"https:\/\/amar24.pl\/tlumacz-przysiegly-warszawa-mokotow\/tlumaczenia-przysiegle-sadowe\/","title":{"rendered":"T\u0142umaczenia przysi\u0119g\u0142e s\u0105dowe"},"content":{"rendered":"<h2>Czym s\u0105 t\u0142umaczenia przysi\u0119g\u0142e s\u0105dowe?<\/h2>\n<p>Je\u015bli bierzesz udzia\u0142 w post\u0119powaniu s\u0105dowym, kt\u00f3rego stron\u0105 b\u0119dzie obcokrajowiec, b\u0105d\u017a te\u017c w toku kt\u00f3rego s\u0105d powo\u0142a \u015bwiadk\u00f3w pos\u0142uguj\u0105cych si\u0119 j\u0119zykiem obcym, spotkasz si\u0119 z pewno\u015bci\u0105 z konieczno\u015bci\u0105 skorzystania z s\u0105dowego t\u0142umaczenia przysi\u0119g\u0142ego. Mo\u017ce si\u0119 tak r\u00f3wnie\u017c sta\u0107, je\u015bli dowody przedstawione przez kt\u00f3r\u0105\u015b ze stron b\u0119d\u0105 sporz\u0105dzone w j\u0119zyku obcym. T\u0142umacz przysi\u0119g\u0142y b\u0119dzie zatem odpowiedzialny za t\u0142umaczenie pisemne b\u0105d\u017a ustne i uwierzytelnienie go na potrzeby post\u0119powania s\u0105dowego.<\/p>\n<p>T\u0142umaczenia przysi\u0119g\u0142e s\u0105dowe nie r\u00f3\u017cni\u0105 si\u0119 du\u017co od innych. Jedn\u0105 r\u00f3\u017cnic\u0105 jest to, \u017ce maj\u0105 one miejsce na sali s\u0105dowej i polegaj\u0105 na tym, \u017ce je\u017celi proces s\u0105dowy odbywa si\u0119 w innym j\u0119zyku, to osoba nieznaj\u0105ca tego j\u0119zyka ma prawo do t\u0142umacza, kt\u00f3ry gwarantuje, \u017ce to co zostanie przez niego przet\u0142umaczone b\u0119dzie zgodne ze s\u0142owami wypowiadanymi w obcym dla klienta j\u0119zyku.<\/p>\n<h2>angielski<\/h2>\n<p>Angielski jest obecnie najpopularniejszym j\u0119zykiem na \u015bwiecie. Zapewne jak wiele os\u00f3b potrafisz lepiej lub gorzej si\u0119 nim pos\u0142ugiwa\u0107. Zdarzaj\u0105 si\u0119 jednak takie sytuacje, w kt\u00f3rych przyda Ci si\u0119 t\u0142umacz. Co wi\u0119cej, istnieje pakiet dokument\u00f3w, kt\u00f3re za granic\u0105 mog\u0105 by\u0107 honorowane tylko, je\u017celi wst\u0119puj\u0105 w formie t\u0142umaczenia przysi\u0119g\u0142ego. Do takich dokument\u00f3w zaliczy\u0107 mo\u017cna wszelakiego rodzaju pisma formalne, poczt\u0119 z bankiem czy mecenasem. Je\u015bli wyje\u017cd\u017casz za granic\u0119 i potrzebujesz uwierzytelnienia swoich pism, powiniene\u015b najpierw odwiedzi\u0107 t\u0142umacza przysi\u0119g\u0142ego.<\/p>\n<h2>niemiecki<\/h2>\n<p>Wiele os\u00f3b decyduje si\u0119 na podj\u0119cie pracy lub przeprowadzk\u0119 do naszych zachodnich s\u0105siad\u00f3w. Taka decyzja zwi\u0105zana jest z konieczno\u015bci\u0105 dope\u0142nienia wielu formalno\u015bci. Nawet je\u017celi sam pos\u0142ugujesz si\u0119 biegle j\u0119zykiem niemieckim, mo\u017ce si\u0119 to okaza\u0107 niewystarczaj\u0105ce. Kupno nieruchomo\u015bci, pisma urz\u0119dowe, dokumentacja medyczna \u2013 to wszystko wymaga t\u0142umaczenia przysi\u0119g\u0142ego.<\/p>\n<h2>rosyjski<\/h2>\n<p>Twoja firma otworzy\u0142a si\u0119 na wsp\u00f3\u0142prac\u0119 z s\u0105siadami ze wschodu? \u015awietnie! Rosja jest pa\u0144stwem pe\u0142nym przysz\u0142ych kontrahent\u00f3w biznesowych. Je\u015bli nale\u017cysz do starszego pokolenia, z pewno\u015bci\u0105 wspominasz przynajmniej jeszcze bazowe zwroty. Je\u017celi jednak liczysz na formaln\u0105 kooperacj\u0119, bieg\u0142o\u015b\u0107 rosyjskiego na poziomie terminatora szko\u0142y \u015bredniej, to zdecydowanie za ma\u0142o. Od czego jednak s\u0105 t\u0142umaczenia przysi\u0119g\u0142e? Wydob\u0105d\u017a w\u0142a\u015bciwego specjalist\u0119 i pozw\u00f3l swojej firmie na pe\u0142en rozw\u00f3j!<\/p>\n<h2>ukrai\u0144ski<\/h2>\n<p>W Polsce przebywa i pracuje znaczny procent os\u00f3b narodowo\u015bci ukrai\u0144skiej. Je\u017celi kto\u015b zza wschodniej bariery pragnie znale\u017a\u0107 dzia\u0142ania lub uwie\u0144czy\u0107 si\u0119 do Polski, musi przed\u0142o\u017cy\u0107 do odpowiednich instytucji pakiet dokument\u00f3w w formie t\u0142umaczenia przysi\u0119g\u0142ego. A mo\u017ce to Twoja firma pragnie zaprosi\u0107 do wsp\u00f3\u0142pracy Ukrainki i Ukrai\u0144c\u00f3w? Je\u017celi tak, pami\u0119taj o obowi\u0105zkach, jakie ci\u0105\u017c\u0105 na Tobie jak pracodawcy aspektem pracownik\u00f3w i wsp\u00f3\u0142pracownik\u00f3w spoza Unii Europejskiej. Zacznij od znalezienia fachowego biura t\u0142umacze\u0144, z kt\u00f3rego pomoc\u0105 zorganizujesz wszystkie formalno\u015bci.<\/p>\n<h2>francuski<\/h2>\n<p>Trudno jest znale\u017a\u0107 osob\u0119, kt\u00f3rej nie podoba\u0142oby si\u0119 brzmienie j\u0119zyka francuskiego. Je\u017celi wybierasz si\u0119 w transport do pi\u0119knej Francji, z pewno\u015bci\u0105 przyda Ci si\u0119 kieszonkowy s\u0142ownik i zestaw rozm\u00f3wek. Je\u015bli jednak przewidujesz rozpocz\u0105\u0107 aktywno\u015b\u0107 zawodow\u0105 w tym pa\u0144stwie, nawi\u0105za\u0107 wsp\u00f3\u0142prac\u0119 z francuskimi partnerami czy kupi\u0107 nieruchomo\u015b\u0107, musisz koniecznie skorzysta\u0107 z us\u0142ug biura t\u0142umacze\u0144, kt\u00f3re zajmuje si\u0119 t\u0142umaczeniem przysi\u0119g\u0142ym w zakresie j\u0119zyka francuskiego. Bez uwierzytelnionych pism nie mo\u017cesz bowiem uregulowa\u0107 \u017cadnych spraw w urz\u0119dzie, banku czy trybunale.<\/p>\n<h2>hiszpa\u0144ski<\/h2>\n<p>J\u0119zyk hiszpa\u0144ski zaliczany jest do najpowszechniej wykorzystywanych j\u0119zyk\u00f3w \u015bwiata. Jest to oficjalny j\u0119zyk zar\u00f3wno w Hiszpanii, jak i w wielu krajach Ameryki \u0141aci\u0144skiej. Chcesz rzuci\u0107 wszystko i odjecha\u0107 do Madrytu albo Buenos Aires? A mo\u017ce chcesz, \u017ceby Twoja firma otworzy\u0142a si\u0119 na wsp\u00f3\u0142prac\u0119 z po\u015brednikami tych egzotycznych pa\u0144stw? Tak czy inaczej, zacznij od organizowania spraw formalnych du\u017co wcze\u015bniej. Przeprowadzka lub podj\u0119cie pracy w jednym z pa\u0144stw hiszpa\u0144skoj\u0119zycznych wymaga skompletowania wielu dokument\u00f3w, kt\u00f3re wymagaj\u0105 t\u0142umaczenia przysi\u0119g\u0142ego.<\/p>\n<h2>w\u0142oski<\/h2>\n<p>W\u0142oski, na r\u00f3wni z francuskim i hiszpa\u0144skim, jest dopuszczany za jeden z najpi\u0119kniejszych j\u0119zyk\u00f3w \u015bwiata. Je\u017celi jednak obcujesz z tym j\u0119zykiem nie tylko podczas wakacji, lecz tak\u017ce w \u017cyciu zawodowym, powiniene\u015b skorzysta\u0107 z us\u0142ug biura t\u0142umacze\u0144, kt\u00f3re wykona dla Twojej firmy t\u0142umaczenia przysi\u0119g\u0142e. Liczysz na wsp\u00f3\u0142prac\u0119 z w\u0142oskimi kontrahentami? A mo\u017ce s\u0105dzisz o inwestycji na po\u0142udniu Europy? Bez wzgl\u0119du na to, jakie s\u0105 Twoje plany, pami\u0119taj, \u017ce \u017cadnej urz\u0119dowej sprawy nie zorganizujesz bez t\u0142umacza przysi\u0119g\u0142ego.<\/p>\n<h2>Zalety wykonania t\u0142umaczenia przysi\u0119g\u0142ego s\u0105dowego przez profesjonalist\u00f3w.<\/h2>\n<p>Je\u015bli szukasz profesjonalnego t\u0142umaczenia przysi\u0119g\u0142ego dokument\u00f3w s\u0105dowych, musisz go zleci\u0107 profesjonali\u015bcie kt\u00f3ry opracuje dokument zawieraj\u0105cy szereg specjalistycznych termin\u00f3w prawniczych. Jedynie przek\u0142ad j\u0119zykowy dokonany przez profesjonalist\u0119 pozwoli uwzgl\u0119dni\u0107 obowi\u0105zuj\u0105ce w danym kraju specjalistyczne s\u0142ownictwo prawnicze zw\u0142aszcza w zakresie skomplikowanego post\u0119powania s\u0105dowego.<\/p>\n<p>&nbsp;<\/p>\n<h2>Ile trwa wykonanie t\u0142umaczenia przysi\u0119g\u0142ego s\u0105dowego?<\/h2>\n<p>Kiedy potrzebne jest t\u0142umaczenie przysi\u0119g\u0142e s\u0105dowe? Zazwyczaj dzieje si\u0119 tak w przypadku, gdy dochodzi do rozprawy s\u0105dowej, w kt\u00f3rej jedna ze stron jest obcokrajowcem. Je\u015bli znalaz\u0142e\u015b si\u0119 w sytuacji, w kt\u00f3rej potrzebujesz t\u0142umaczenia przysi\u0119g\u0142ego s\u0105dowego zdecyduj si\u0119 na do\u015bwiadczonego, renomowanego t\u0142umacza przysi\u0119g\u0142ego, kt\u00f3ry jest specjalist\u0105 w danej dziedzinie. Pami\u0119taj, \u017ce poprzez niew\u0142a\u015bciwie dobrane s\u0142ownictwo mo\u017ce zmieni\u0107 si\u0119 znaczenie wyroku! T\u0142umaczenie s\u0105dowe przysi\u0119g\u0142e wykonuje si\u0119 dla wszelkiego typu spraw, kt\u00f3re mog\u0105 by\u0107 rozstrzygane przez s\u0105d.<\/p>\n<p>Wykonanie takiego t\u0142umaczenia trwa 3 dni, je\u015bli jest to kr\u00f3tki tekst, zawieraj\u0105cy mniej ni\u017c 6 stron t\u0142umaczenia dziennie. W przypadku t\u0142umacze\u0144 pilnych trwa nie mniej ni\u017c 2 dni na ka\u017cde 7-9 stron tekstu dziennie. Wtedy cena wzrasta o 20%.<\/p>\n<p>Je\u015bli potrzebujesz dokument\u00f3w w trybie ekspresowym, gdy masz mniej ni\u017c 1 dzie\u0144 na t\u0142umaczenie, a stron jest 10-12, wtedy cena wzrasta o 60%. Mo\u017cliwe jest te\u017c t\u0142umaczenie w trybie superekspresowym, w mniej ni\u017c 24 godziny lub powy\u017cej 12 stron dziennie \u2013 musisz si\u0119 liczy\u0107 wtedy ze wzrostem ceny o 100%.\u00a0\u00a0<\/p>\n","protected":false},"excerpt":{"rendered":"<p>Czym s\u0105 t\u0142umaczenia przysi\u0119g\u0142e s\u0105dowe? Je\u015bli bierzesz udzia\u0142 w post\u0119powaniu s\u0105dowym, kt\u00f3rego stron\u0105 b\u0119dzie obcokrajowiec, b\u0105d\u017a te\u017c w toku kt\u00f3rego s\u0105d powo\u0142a \u015bwiadk\u00f3w pos\u0142uguj\u0105cych si\u0119 j\u0119zykiem<span class=\"excerpt-hellip\"> [\u2026]<\/span><\/p>\n","protected":false},"author":3,"featured_media":0,"parent":0,"menu_order":0,"comment_status":"closed","ping_status":"closed","template":"","meta":{"footnotes":""},"class_list":["post-145","page","type-page","status-publish","hentry"],"_links":{"self":[{"href":"https:\/\/amar24.pl\/tlumacz-przysiegly-warszawa-mokotow\/wp-json\/wp\/v2\/pages\/145","targetHints":{"allow":["GET"]}}],"collection":[{"href":"https:\/\/amar24.pl\/tlumacz-przysiegly-warszawa-mokotow\/wp-json\/wp\/v2\/pages"}],"about":[{"href":"https:\/\/amar24.pl\/tlumacz-przysiegly-warszawa-mokotow\/wp-json\/wp\/v2\/types\/page"}],"author":[{"embeddable":true,"href":"https:\/\/amar24.pl\/tlumacz-przysiegly-warszawa-mokotow\/wp-json\/wp\/v2\/users\/3"}],"replies":[{"embeddable":true,"href":"https:\/\/amar24.pl\/tlumacz-przysiegly-warszawa-mokotow\/wp-json\/wp\/v2\/comments?post=145"}],"version-history":[{"count":0,"href":"https:\/\/amar24.pl\/tlumacz-przysiegly-warszawa-mokotow\/wp-json\/wp\/v2\/pages\/145\/revisions"}],"wp:attachment":[{"href":"https:\/\/amar24.pl\/tlumacz-przysiegly-warszawa-mokotow\/wp-json\/wp\/v2\/media?parent=145"}],"curies":[{"name":"wp","href":"https:\/\/api.w.org\/{rel}","templated":true}]}}