{"id":150,"date":"2017-05-12T10:07:22","date_gmt":"2017-05-12T08:07:22","guid":{"rendered":"http:\/\/amar24.pl\/tlumacz-przysiegly-warszawa-mokotow\/?page_id=150"},"modified":"2020-12-06T20:23:21","modified_gmt":"2020-12-06T19:23:21","slug":"tlumaczenia-przysiegle-sadowe-wyroku","status":"publish","type":"page","link":"https:\/\/amar24.pl\/tlumacz-przysiegly-warszawa-mokotow\/tlumaczenia-przysiegle-sadowe-wyroku\/","title":{"rendered":"T\u0142umaczenia przysi\u0119g\u0142e wyroku"},"content":{"rendered":"","protected":false},"excerpt":{"rendered":"","protected":false},"author":3,"featured_media":0,"parent":0,"menu_order":0,"comment_status":"closed","ping_status":"closed","template":"","meta":{"footnotes":""},"class_list":["post-150","page","type-page","status-publish","hentry"],"_links":{"self":[{"href":"https:\/\/amar24.pl\/tlumacz-przysiegly-warszawa-mokotow\/wp-json\/wp\/v2\/pages\/150","targetHints":{"allow":["GET"]}}],"collection":[{"href":"https:\/\/amar24.pl\/tlumacz-przysiegly-warszawa-mokotow\/wp-json\/wp\/v2\/pages"}],"about":[{"href":"https:\/\/amar24.pl\/tlumacz-przysiegly-warszawa-mokotow\/wp-json\/wp\/v2\/types\/page"}],"author":[{"embeddable":true,"href":"https:\/\/amar24.pl\/tlumacz-przysiegly-warszawa-mokotow\/wp-json\/wp\/v2\/users\/3"}],"replies":[{"embeddable":true,"href":"https:\/\/amar24.pl\/tlumacz-przysiegly-warszawa-mokotow\/wp-json\/wp\/v2\/comments?post=150"}],"version-history":[{"count":0,"href":"https:\/\/amar24.pl\/tlumacz-przysiegly-warszawa-mokotow\/wp-json\/wp\/v2\/pages\/150\/revisions"}],"wp:attachment":[{"href":"https:\/\/amar24.pl\/tlumacz-przysiegly-warszawa-mokotow\/wp-json\/wp\/v2\/media?parent=150"}],"curies":[{"name":"wp","href":"https:\/\/api.w.org\/{rel}","templated":true}]}}