{"id":42,"date":"2014-12-02T09:30:24","date_gmt":"2014-12-02T09:30:24","guid":{"rendered":"http:\/\/themes.muffingroup.com\/be\/vision\/?page_id=2"},"modified":"2024-07-18T08:45:18","modified_gmt":"2024-07-18T08:45:18","slug":"home","status":"publish","type":"page","link":"https:\/\/amar24.pl\/tlumacz-przysiegly-warszawa-mokotow\/","title":{"rendered":"Strona g\u0142\u00f3wna"},"content":{"rendered":"<h1>T\u0142umacz przysi\u0119g\u0142y Warszawa<\/h1>\n<p>Wykonujemy wysokiej jako\u015bci t\u0142umaczenia dla firm i os\u00f3b prywatnych. Zapraszamy do czterech biur t\u0142umacze\u0144 w Warszawie:<\/p>\n<p>Warszawa Centrum: ul. Ogrodowa 31 lok. 84<br \/>\nWarszawa Mokot\u00f3w: Aleja Wilanowska 368 lok. 3<br \/>\nWarszawa Praga: Al. Waszyngtona 146 lok. 403<br \/>\nWarszawa Weso\u0142a: Plac Wojska Polskiego 12 lok. 1<\/p>\n<h2>Szybkiet\u0142umaczeniaprzysi\u0119g\u0142e<\/h2>\n<p><img decoding=\"async\" src=\"http:\/\/amar24.pl\/tlumacz-przysiegly-warszawa-mokotow\/wp-content\/uploads\/2020\/11\/kon.jpg\" alt=\"\" \/><\/p>\n<p><a href=\"\/tlumaczenia-przysiegle-dokumentow-urzedowych\/\"><\/p>\n<h3>T\u0141UMACZENIADOKUMENT\u00d3WURZ\u0118DOWYCH<\/h3>\n<p><img decoding=\"async\" src=\"http:\/\/amar24.pl\/tlumacz-przysiegly-warszawa-mokotow\/wp-content\/uploads\/2014\/12\/home_vision_dots_small.png\" alt=\"\" \/><\/p>\n<p>Akty urodze\u0144, akty ma\u0142\u017ce\u0144stw, akty zgon\u00f3w, dowody osobiste, karty pobytu, prawa jazdy, za\u015bwiadczenia urz\u0119dowe, \u015bwiadectwa, dyplomy.<\/p>\n<p><\/a><\/p>\n<p><a href=\"\/tlumaczenia-przysiegle-dokumentow-urzedowych\/\"> Wi\u0119cej..<\/a><\/p>\n<p><a href=\"\/tlumaczenia-przysiegle-sadowe-i-notarialne\/\"><\/p>\n<h3>T\u0141UMACZENIANOTARIALNEI S\u0104DOWE<\/h3>\n<p><img decoding=\"async\" src=\"http:\/\/amar24.pl\/tlumacz-przysiegly-warszawa-mokotow\/wp-content\/uploads\/2014\/12\/home_vision_dots_small.png\" alt=\"\" \/><\/p>\n<p>Pozwy, odpowiedzi na pozwy, wyroki, opinie bieg\u0142ych, akty notarialne, uchwa\u0142y sp\u00f3\u0142ek, apostille.<br \/>\n<\/a><\/p>\n<p><a href=\"\/tlumaczenia-przysiegle-sadowe-i-notarialne\/\">Wi\u0119cej..<\/a><\/p>\n<p><a href=\"\/tlumaczenia-przysiegle-dokumentow-samochodowych\/\"><\/p>\n<h3>T\u0141UMACZENIADOKUMENT\u00d3WSAMOCHODOWYCH<\/h3>\n<p><img decoding=\"async\" src=\"http:\/\/amar24.pl\/tlumacz-przysiegly-warszawa-mokotow\/wp-content\/uploads\/2014\/12\/home_vision_dots_small.png\" alt=\"\" \/><\/p>\n<p>Dokumenty pojazd\u00f3w, dowody rejestracyjne, karty pojazd\u00f3w, za\u015bwiadczenia urz\u0119dowe o wymeldowaniu, dokumenty zakup\u00f3w pojazd\u00f3w.<br \/>\n<\/a><\/p>\n<p><a href=\"\/tlumaczenia-przysiegle-dokumentow-samochodowych\/\">Wi\u0119cej..<\/a><\/p>\n<h2>T\u0142umaczenia Przysi\u0119g\u0142e w AmaR24<\/h2>\n<p>T\u0142umaczenia przysi\u0119g\u0142e potrzebne s\u0105 dla wszystkich dokument\u00f3w obcoj\u0119zycznych wymagaj\u0105cych potwierdzenia ich zgodno\u015bci z oryginalnym dokumentem. W biurze t\u0142umacze\u0144 AmaR24 oferujemy Pa\u0144stwu profesjonalne <a href=\"http:\/\/amar24.pl\/tlumacz-przysiegly-warszawa-mokotow\/tlumaczenia-przysiegle\/\">t\u0142umaczenia przysi\u0119g\u0142e<\/a>, wykonywane w kr\u00f3tkich terminach. <a>Czytaj wi\u0119cej..<\/a><br \/>\nW zale\u017cno\u015bci od Pa\u0144stwa potrzeb, t\u0142umaczenie mo\u017ce zosta\u0107 wykonane z orygina\u0142u, kopii lub wersji elektronicznej. T\u0142umacz jest zobowi\u0105zany opisa\u0107 na t\u0142umaczeniu z jakiego rodzaju dokumentu by\u0142o ono wykonywane. Wi\u0119kszo\u015b\u0107 urz\u0119d\u00f3w i instytucji w Polsce oraz s\u0105dy wymagaj\u0105 t\u0142umacze\u0144 z orygina\u0142\u00f3w, dlatego polecamy upewni\u0107 si\u0119 jakiego rodzaju dokumentu Pa\u0144stwo potrzebuj\u0105 przed zam\u00f3wieniem t\u0142umacze\u0144. Je\u017celi maj\u0105 Pa\u0144stwo w\u0105tpliwo\u015bci, mo\u017cemy doradzi\u0107 jakiego t\u0142umaczenia Pa\u0144stwo potrzebuj\u0105 w konkretnej sytuacji. Od za\u0142o\u017cenia firmy w 2004 roku spotkali\u015bmy si\u0119 z wieloma przypadkami i zgromadzili\u015bmy ogromne do\u015bwiadczenie, z kt\u00f3rego mo\u017cecie Pa\u0144stwo skorzysta\u0107. Ch\u0119tnie pomagamy i radzimy naszym klientom.<br \/>\nNasza oferta obejmuje r\u00f3wnie\u017c przysi\u0119g\u0142e t\u0142umaczenia ustne wykonywane podczas podpisywania wa\u017cnych dokument\u00f3w i akt\u00f3w notarialnych u notariusza przez osoby obcoj\u0119zyczne.<br \/>\nW AmaR24 t\u0142umacz\u0105 zawsze najlepsi t\u0142umacze przysi\u0119gli, posiadaj\u0105cych aktualne uprawnienia do wykonywania t\u0142umacze\u0144 przysi\u0119g\u0142ych, nadane przez Ministerstwo Sprawiedliwo\u015bci. Nasi t\u0142umacze maj\u0105 wieloletnie do\u015bwiadczenie w t\u0142umaczeniach przysi\u0119g\u0142ych, legitymuj\u0105 si\u0119 numerem nadanych uprawnie\u0144 i piecz\u0119ci\u0105 imienn\u0105. Ich wysokie kompetencje i do\u015bwiadczenie zapewni\u0105 Pa\u0144stwu najwy\u017cszej jako\u015bci t\u0142umaczenia przysi\u0119g\u0142e.<\/p>\n<p><img decoding=\"async\" src=\"http:\/\/amar24.pl\/tlumacz-przysiegly-warszawa-mokotow\/wp-content\/uploads\/2014\/12\/home_vision_about_bg.jpg\" alt=\"parallax background\" \/><img decoding=\"async\" src=\"http:\/\/amar24.pl\/tlumacz-przysiegly-warszawa-mokotow\/wp-content\/uploads\/2014\/12\/kon.jpg\" alt=\"\" \/><\/p>\n<h3>Dlaczego <a href=\"http:\/\/amar24.pl\/tlumacz-przysiegly-warszawa-mokotow\/biuro-tlumaczen-przysieglych\/\">AmaR24<\/a>?<\/h3>\n<h5>Po to, by dostarcza\u0107 Pa\u0144stwu najwy\u017cszej jako\u015bci t\u0142umaczenia, korzystamy tylko z us\u0142ug t\u0142umaczy z wieloletnim do\u015bwiadczeniem w wielu dziedzinach.<\/h5>\n<p>Ich rozleg\u0142a wiedza teoretyczna i codzienna praktyka s\u0105 gwarancj\u0105 najlepszych przek\u0142ad\u00f3w. Nasi t\u0142umacze maj\u0105 uprawnienia nadawane przez Ministerstwo Sprawiedliwo\u015bci, uzyskiwane po zdaniu egzaminu na t\u0142umacza przysi\u0119g\u0142ego.Za wyznacznik naszej pracy obieramy sobie satysfakcj\u0119 naszych klient\u00f3w, kt\u00f3rych grono ca\u0142y czas si\u0119 powi\u0119ksza. Zapraszamy Pa\u0144stwa do zam\u00f3wienia t\u0142umaczenia w AmaR24<br \/>\n<a href=\"\/onas\" title=\"\">Wi\u0119cej<\/a><br \/>\nAmaR24 Sp. z o.o. jest laureatem w presti\u017cowym konkursie Or\u0142y T\u0142umacze\u0144! Nagrod\u0119 przyznano na podstawie faktycznych ocen i opinii klient\u00f3w biur t\u0142umacze\u0144 z ca\u0142ej Polski! W 2024 roku uzyskali\u015bmy ocen\u0119 9.9\/10.0 punkt\u00f3w w plebiscycie Or\u0142y T\u0142umacze\u0144.<br \/>\nZostali\u015bmy tym samym Z\u0141OTYM LAUREATEM Edycji Warszawskiej Konkursu Or\u0142y T\u0142umacze\u0144, czyli edycji lokalnej, dla warszawskich biur t\u0142umacze\u0144 w 2024 roku. W konkursie bra\u0142o udzia\u0142 a\u017c 16 000 biur t\u0142umacze\u0144 z ca\u0142ej Warszawy! Kryteria, na podstawie kt\u00f3rych przyznawane s\u0105 odznaczenia by\u0142y bardzo klarowne i obiektywne \u2013 przeanalizowane zosta\u0142y oceny wystawiane biurom t\u0142umacze\u0144 przez u\u017cytkownik\u00f3w Internetu, zamieszczone na presti\u017cowych i wiarygodnych portalach spo\u0142eczno\u015bciowych oraz opiniotw\u00f3rczych.<br \/>\nNagroda ta znaczy dla nas bardzo du\u017co, gdy\u017c jest symbolem tego, \u017ce w doskona\u0142ym stopniu spe\u0142niamy oczekiwania naszych Klient\u00f3w. Dzi\u0119kujemy wszystkim Klientom za opinie i najlepsze oceny naszej pracy. Dzi\u0119ki Wam \u015bwi\u0119tujemy i jeste\u015bmy dumni, \u017ce tak dobrze nas Pa\u0144stwo oceniacie!<br \/>\nObiecujemy wci\u0105\u017c d\u0105\u017cy\u0107 do doskona\u0142ej jako\u015bci t\u0142umacze\u0144 i coraz lepszej obs\u0142ugi klient\u00f3w. Cieszymy si\u0119, \u017ce nasze t\u0142umaczenia pomagaj\u0105 polskim firmom w otwieraniu si\u0119 na \u015bwiat i zagraniczne rynki oraz przyczyniaj\u0105 si\u0119 do odnoszenia mi\u0119dzynarodowych sukces\u00f3w.<br \/>\nWyniki konkursu mo\u017cna sprawdzi\u0107 odwiedzaj\u0105c stron\u0119 organizatora konkursu:<a href=\"https:\/\/www.orlytlumaczen.pl\/profile-273607-amar24-sp-z-o-o\" target=\"_blank\" rel=\"noopener\">https:\/\/www.orlytlumaczen.pl\/profile-273607-amar24-sp-z-o-o<\/a><img decoding=\"async\" src=\"http:\/\/amar24.pl\/tlumacz-przysiegly-warszawa-mokotow\/wp-content\/uploads\/2024\/06\/orly-tlumaczen-2024.webp\" alt=\"\" \/><br \/>\n<a href=\"http:\/\/amar24.pl\/tlumacz-przysiegly-warszawa-mokotow\/wp-content\/uploads\/2024\/06\/Orly-Tlumaczen-AmaR24-2024.pdf#586045\" title=\"\"><img decoding=\"async\" src=\"http:\/\/amar24.pl\/tlumacz-przysiegly-warszawa-mokotow\/wp-content\/uploads\/2024\/06\/Orly-Tlumaczen-AmaR24-2024-pdf.jpg\" alt=\"\" \/><\/a><a href=\"http:\/\/amar24.pl\/tlumacz-przysiegly-warszawa-mokotow\/wp-content\/uploads\/2024\/06\/Orly-Tlumaczen-AmaR24-2024.pdf#586045\" title=\"\">.path{fill:none;stroke:#333;stroke-miterlimit:10;stroke-width:1.5px;}<\/a><\/p>\n<h2>Opinie naszych Klient\u00f3w<\/h2>\n<p><img decoding=\"async\" src=\"http:\/\/amar24.pl\/tlumacz-przysiegly-warszawa-mokotow\/wp-content\/themes\/betheme\/images\/testimonials-placeholder.png\" alt=\"Krzysztof Lewandowski\" \/>Firma Amar24 wykona\u0142a dla mnie t\u0142umaczenie przysi\u0119g\u0142e kilku wa\u017cnych dokument\u00f3w. Us\u0142uga zosta\u0142a wykonana na najwy\u017cszym poziomie, a ja otrzyma\u0142em dok\u0142adne i rzetelne t\u0142umaczenia. Doceniam ich do\u015bwiadczenie i profesjonalizm, kt\u00f3re by\u0142y widoczne na ka\u017cdym etapie wsp\u00f3\u0142pracy. Zdecydowanie polecam ich us\u0142ugi.<\/p>\n<h4>Krzysztof Lewandowski<\/h4>\n<p><img decoding=\"async\" src=\"http:\/\/amar24.pl\/tlumacz-przysiegly-warszawa-mokotow\/wp-content\/themes\/betheme\/images\/testimonials-placeholder.png\" alt=\"Oksana\" \/>Dzi\u0119ki AmaR24 zd\u0105\u017cy\u0142am z t\u0142umaczeniem dyplomu i spisu przedmiot\u00f3w i na czas z\u0142o\u017cy\u0142am dokumenty na Uczelni. Jestem bardzo zadowolona, gdy\u017c dzi\u0119ki Wam mog\u0119 kontynuowa\u0107 nauk\u0119 w Polsce bez przeszk\u00f3d. Dzwoni\u0142am wcze\u015bniej do kilku biur, ale nikt nie mia\u0142 terminu poza AmaR24, kt\u00f3rzy idealnie zd\u0105\u017cyli na czas. <\/p>\n<h4>Oksana<\/h4>\n<p><img decoding=\"async\" src=\"http:\/\/amar24.pl\/tlumacz-przysiegly-warszawa-mokotow\/wp-content\/themes\/betheme\/images\/testimonials-placeholder.png\" alt=\"Piotr\" \/>Jestem bardzo zadowolony z us\u0142ug biura t\u0142umacze\u0144 przysi\u0119g\u0142ych AmaR24. Potrzebowa\u0142em t\u0142umaczenia dokument\u00f3w do rejestracji samochodu z Niemiec w bardzo kr\u00f3tkim czasie i nie zawiedli mnie. T\u0142umaczenie by\u0142o bezb\u0142\u0119dne i w bardzo dobrej cenie. Znam rynek, gdy\u017c wcze\u015bniej trafia\u0142em na prywatnych t\u0142umaczy, ale nie dor\u00f3wnywali czasowo ani cenowo. Gor\u0105co polecam!<\/p>\n<h4>Piotr<\/h4>\n<p><img decoding=\"async\" src=\"http:\/\/amar24.pl\/tlumacz-przysiegly-warszawa-mokotow\/wp-content\/themes\/betheme\/images\/testimonials-placeholder.png\" alt=\"Anna\" \/>Z dnia na dzie\u0144 przet\u0142umaczy\u0142am zgod\u0119 na wyjazd c\u00f3rki z dziadkami za granic\u0119. Cena by\u0142a bardzo przyst\u0119pna, zap\u0142aci\u0142am blikiem a odebra\u0142am t\u0142umaczenie niedaleko domu z paczkomatu, odes\u0142ali je razem z orygina\u0142em nast\u0119pnego dni. To bardzo wygodne. <\/p>\n<h4>Anna<\/h4>\n<p><img decoding=\"async\" src=\"http:\/\/amar24.pl\/tlumacz-przysiegly-warszawa-mokotow\/wp-content\/themes\/betheme\/images\/testimonials-placeholder.png\" alt=\"Sandra\" \/>Moja przygoda z AmaR24 rozpocz\u0119\u0142a si\u0119 od polecenia mi tej firmy przez kole\u017cank\u0119. Wtedy po raz pierwszy skorzysta\u0142am i systematycznie wraca\u0142am, a Pa\u0144stwo zawsze stawali na wysoko\u015bci zadania. Nigdy nie by\u0142o si\u0119 do czego przyczepi\u0107. Kontakt z Pa\u0144stwem z AmaR24 by\u0142 zawsze bezb\u0142\u0119dny i sprawny, dlatego mam zamiar tutaj wraca\u0107.<\/p>\n<h4>Sandra<\/h4>\n<p><img decoding=\"async\" src=\"http:\/\/amar24.pl\/tlumacz-przysiegly-warszawa-mokotow\/wp-content\/themes\/betheme\/images\/testimonials-placeholder.png\" alt=\"Pawe\u0142 Z.\" \/>Amar24.pl to niezawodna firma t\u0142umaczeniowa. Korzysta\u0142em z ich us\u0142ug wielokrotnie i zawsze by\u0142em zadowolony z jako\u015bci t\u0142umacze\u0144. Ich do\u015bwiadczenie oraz wiedza na temat wymaga\u0144 r\u00f3\u017cnych urz\u0119d\u00f3w i instytucji s\u0105 nieocenione. Polecam ich us\u0142ugi ka\u017cdemu, kto potrzebuje profesjonalnego t\u0142umaczenia.<\/p>\n<h4>Pawe\u0142 Z.<\/h4>\n<p><img decoding=\"async\" src=\"http:\/\/amar24.pl\/tlumacz-przysiegly-warszawa-mokotow\/wp-content\/themes\/betheme\/images\/testimonials-placeholder.png\" alt=\"Magdalena\" \/>Firma Amar24.pl to prawdziwi specjali\u015bci w dziedzinie t\u0142umacze\u0144. Ich pomoc by\u0142a nieoceniona, kiedy musia\u0142am przet\u0142umaczy\u0107 wa\u017cne dokumenty notarialne. Pracownicy firmy byli niezwykle pomocni i profesjonalni, doradzaj\u0105c mi w ka\u017cdej kwestii. Jestem bardzo zadowolona z ich us\u0142ug i na pewno wr\u00f3c\u0119 do nich w przysz\u0142o\u015bci.<\/p>\n<h4>Magdalena<\/h4>\n<p><img decoding=\"async\" src=\"http:\/\/amar24.pl\/tlumacz-przysiegly-warszawa-mokotow\/wp-content\/themes\/betheme\/images\/testimonials-placeholder.png\" alt=\"Kamil Kowalski\" \/>Jestem bardzo zadowolony wsp\u00f3\u0142praca uk\u0142ada si\u0119 \u015bwietnie, t\u0142umaczenia techniczne oraz przysi\u0119g\u0142e jakie wykonujemy zawsze na najwy\u017cszym poziomie. W jednym miejscu t\u0142umaczymy na wszystkie j\u0119zyki europejskie<\/p>\n<h4>Kamil Kowalski<\/h4>\n<p><img decoding=\"async\" src=\"http:\/\/amar24.pl\/tlumacz-przysiegly-warszawa-mokotow\/wp-content\/themes\/betheme\/images\/testimonials-placeholder.png\" alt=\"Kalina\" \/>Jestem zachwycony szybko\u015bci\u0105 realizacji zlecenia przez AmaR24. Potrzebowali\u015bmy pilnego t\u0142umaczenia dokument\u00f3w biznesowych na konferencj\u0119 mi\u0119dzynarodow\u0105, i firma ta nie zawiod\u0142a. Pomimo kr\u00f3tkiego terminu, t\u0142umaczenie zosta\u0142o dostarczone terminowo, zachowuj\u0105c przy tym wysok\u0105 jako\u015b\u0107. To naprawd\u0119 imponuj\u0105ce, jak sprawnie i skutecznie dzia\u0142aj\u0105.<\/p>\n<h4>Kalina<\/h4>\n<p><img decoding=\"async\" src=\"http:\/\/amar24.pl\/tlumacz-przysiegly-warszawa-mokotow\/wp-content\/themes\/betheme\/images\/testimonials-placeholder.png\" alt=\"Tomasz\" \/>Korzysta\u0142em z us\u0142ug Amar24.pl wielokrotnie i za ka\u017cdym razem by\u0142em bardzo zadowolony. Firma oferuje szeroki zakres us\u0142ug t\u0142umaczeniowych, w tym przysi\u0119g\u0142e t\u0142umaczenia ustne, kt\u00f3re okaza\u0142y si\u0119 niezwykle przydatne podczas spotka\u0144 z zagranicznymi partnerami. Pracownicy firmy s\u0105 do\u015bwiadczeni i zawsze s\u0142u\u017c\u0105 pomoc\u0105. Gor\u0105co polecam ich us\u0142ugi ka\u017cdemu, kto potrzebuje profesjonalnych t\u0142umacze\u0144.<\/p>\n<h4>Tomasz<\/h4>\n<p><img decoding=\"async\" src=\"http:\/\/amar24.pl\/tlumacz-przysiegly-warszawa-mokotow\/wp-content\/themes\/betheme\/images\/testimonials-placeholder.png\" alt=\"Renata Zano\" \/>Polecam, mega szybko przet\u0142umaczyli wszystkie dokumenty potrzebne do aplikacji do pracy zagranic\u0105. Wszystko si\u0119 uda\u0142o. Jeszcze raz dzi\u0119kuj\u0119 za pomoc.<\/p>\n<h4>Renata Zano<\/h4>\n<p><img decoding=\"async\" src=\"http:\/\/amar24.pl\/tlumacz-przysiegly-warszawa-mokotow\/wp-content\/themes\/betheme\/images\/testimonials-placeholder.png\" alt=\"Ewa Ostrzewska\" \/>Dzi\u0119kuj\u0119 bardzo za pomoc t\u0142umaczenie by\u0142o wykonane bardzo szybko zaledwie w ci\u0105gu 24 godzin! To bardzo u\u0142atwi\u0142o mi za\u0142atwienie spraw! Dodatkowo kurier dostarczy\u0142 mi gotowy przek\u0142ad! \u015awietne biuro, bardzo przyjazne dla klienta.<\/p>\n<h4>Ewa Ostrzewska<\/h4>\n<h2>J\u0119zyki t\u0142umacze\u0144 przysi\u0119g\u0142ych w AmaR24.pl<\/h2>\n<p><img decoding=\"async\" src=\"\/wp-content\/themes\/betheme-child\/images\/64\/gb.png\"><br \/>\n<img decoding=\"async\" src=\"\/wp-content\/themes\/betheme-child\/images\/64\/ru.png\"><br \/>\n<img decoding=\"async\" src=\"\/wp-content\/themes\/betheme-child\/images\/64\/ua.png\"><br \/>\n<img decoding=\"async\" src=\"\/wp-content\/themes\/betheme-child\/images\/64\/de.png\"><br \/>\n<img decoding=\"async\" src=\"\/wp-content\/themes\/betheme-child\/images\/64\/fr.png\"><br \/>\n<img decoding=\"async\" src=\"\/wp-content\/themes\/betheme-child\/images\/64\/es.png\"><br \/>\n<img decoding=\"async\" src=\"\/wp-content\/themes\/betheme-child\/images\/64\/it.png\"><br \/>\n<img decoding=\"async\" src=\"\/wp-content\/themes\/betheme-child\/images\/64\/nl.png\"><br \/>\n<img decoding=\"async\" src=\"\/wp-content\/themes\/betheme-child\/images\/64\/cz.png\"><br \/>\n<img decoding=\"async\" src=\"\/wp-content\/themes\/betheme-child\/images\/64\/sk.png\"><br \/>\n<img decoding=\"async\" src=\"\/wp-content\/themes\/betheme-child\/images\/64\/cr.png\"><br \/>\n<img decoding=\"async\" src=\"\/wp-content\/themes\/betheme-child\/images\/64\/kr.png\"><br \/>\n<img decoding=\"async\" src=\"\/wp-content\/themes\/betheme-child\/images\/64\/jp.png\"><br \/>\n<img decoding=\"async\" src=\"\/wp-content\/themes\/betheme-child\/images\/64\/gr.png\"><br \/>\n<img decoding=\"async\" src=\"\/wp-content\/themes\/betheme-child\/images\/64\/ru.png\"><br \/>\n<img decoding=\"async\" src=\"\/wp-content\/themes\/betheme-child\/images\/64\/se.png\"><br \/>\n<img decoding=\"async\" src=\"\/wp-content\/themes\/betheme-child\/images\/64\/cn.png\"><br \/>\n<img decoding=\"async\" src=\"\/wp-content\/themes\/betheme-child\/images\/64\/tr.png\"><br \/>\n<img decoding=\"async\" src=\"\/wp-content\/themes\/betheme-child\/images\/64\/bg.png\"><br \/>\n<img decoding=\"async\" src=\"\/wp-content\/themes\/betheme-child\/images\/64\/no.png\"><\/p>\n<p>angielski rosyjski ukrai\u0144ski  niemiecki francuski hiszpa\u0144ski w\u0142oski niderlandzki bu\u0142garski norweski<br \/>\nczeskis\u0142owacki chorwacki korea\u0144ski japo\u0144ski grecki rumu\u0144ski szwedzki chi\u0144ski turecki<\/p>\n<h2>Jak t\u0142umaczymy?<\/h2>\n<p><img decoding=\"async\" src=\"http:\/\/amar24.pl\/tlumacz-przysiegly-warszawa-mokotow\/wp-content\/uploads\/2014\/12\/1.png\" alt=\"1\" \/><\/p>\n<h4>T\u0142umaczenia z dnia na dzie\u0144<\/h4>\n<p>Standardowo wszystkie t\u0142umaczenia dokument\u00f3w wykonujemy w ci\u0105gu oko\u0142o 3-4 dni. Jedynie dla du\u017cych dokumentacji, um\u00f3w, czy dokument\u00f3w medycznych, termin jest ustalany indywidualnie zale\u017cnie od pracoch\u0142onno\u015bci i liczby stron.<br \/>\nZobacz wi\u0119cej&#8230;<\/p>\n<p>W miar\u0119 dost\u0119pno\u015bci t\u0142umaczy mo\u017cemy t\u0142umaczy\u0107 dokumenty z dnia na dzie\u0144, w ci\u0105gu 2 lub 3 dni, jednak za termin jednodniowy mo\u017ce zosta\u0107 naliczona dop\u0142ata 60%, za termin dwudniowy 20%, a w przypadku ekspresu poni\u017cej 24 godzin, nawet dop\u0142ata 100% ceny. Dlatego warto ju\u017c wcze\u015bniej zam\u00f3wi\u0107 t\u0142umaczenie przysi\u0119g\u0142e w AmaR24.<br \/>\nNie zawsze stosujemy dop\u0142aty, a stali klienci mog\u0105 liczy\u0107 na lepsze warunki i kr\u00f3tsze terminy w standardowej cenie, w zale\u017cno\u015bci od mo\u017cliwo\u015bci czasowych i dost\u0119pno\u015bci t\u0142umacza danego j\u0119zyka.<br \/>\nWarto zawsze wysy\u0142aj\u0105c zapytanie wskaza\u0107 na kiedy ostatecznie jest wymagane t\u0142umaczenia i jaki termin jest ostatecznym wymaganym. Zawsze staramy si\u0119 do wskazanego terminu dostosowa\u0107 i wybra\u0107 t\u0142umacza, kt\u00f3ry jest bardziej dyspozycyjny lub szybszy w pracy.<img decoding=\"async\" src=\"http:\/\/amar24.pl\/tlumacz-przysiegly-warszawa-mokotow\/wp-content\/uploads\/2014\/12\/2.png\" alt=\"2\" \/><\/p>\n<h4>Dostawa t\u0142umacze\u0144 do klienta<\/h4>\n<p>Kurier, Paczkomat, list, czy odbi\u00f3r osobisty? Najwygodniejsz\u0105 i preferowan\u0105 prze klient\u00f3w form\u0105 dostawy jest Paczkomat InPost.<br \/>\nZobacz wi\u0119cej&#8230;<\/p>\n<p>W ten spos\u00f3b mo\u017cna anonimowo zam\u00f3wi\u0107 t\u0142umaczenie z dowolnego miejsca w Polsce i za 3 dni otrzyma\u0107 zwrotnie przet\u0142umaczone dokumenty. Po przes\u0142aniu skan\u00f3w dokument\u00f3w do wyceny e-mailem i jej akceptacji przez klienta, od razu t\u0142umacz mo\u017ce rozpocz\u0105\u0107 prac\u0119 nad t\u0142umaczeniem. Je\u017celi jednak wymagane jest przez urz\u0105d t\u0142umaczenie z orygina\u0142u, oferujemy mo\u017cliwo\u015b\u0107 dos\u0142ania nam dokument\u00f3w z Paczkomatu InPost do naszego Paczkomatu. Na \u017cyczenie wygenerujemy Pa\u0144stwu etykiet\u0119, kt\u00f3r\u0105 wystarczy naklei\u0107 na przesy\u0142ce, a nast\u0119pnie w\u0142o\u017cy\u0107 j\u0105 do najbli\u017cszego Paczkomatu InPost. Po wykonaniu t\u0142umaczenia, t\u0142umacz potwierdzi je za zgodno\u015b\u0107 z otrzymanym w ten spos\u00f3b orygina\u0142em. T\u0142umaczenie z orygina\u0142em zostanie Pa\u0144stwu odes\u0142ane do wskazanego Paczkomatu InPost ten sam spos\u00f3b. Ca\u0142a procedura przewa\u017cnie nie przekracza 3 dni.<br \/>\nOczywi\u015bcie na \u017cyczenie, wysy\u0142amy te\u017c t\u0142umaczenia poczt\u0105, albo kurierem DHL. Zale\u017cnie od preferencji klienta.<br \/>\nDla wielu os\u00f3b odbi\u00f3r osobisty i osobiste dostarczenie orygina\u0142u dokumentu do wgl\u0105du t\u0142umacza jest najprostsze, gdy mieszkaj\u0105 w Warszawie. Do dyspozycji macie Pa\u0144stwo a\u017c 4 biura lokalne w r\u00f3\u017cnych dzielnicach Warszawy \u2013 w Centrum, na Mokotowie, na Pradze i w Weso\u0142ej. Nale\u017cy tylko wskaza\u0107 przy zamawianiu t\u0142umaczenia, w jakiej lokalizacji poka\u017cecie Pa\u0144stwo orygina\u0142 dokumentu i sk\u0105d odbierzecie gotowe t\u0142umaczenie. Wygoda klient\u00f3w to nasz priorytet!<br \/>\n<img decoding=\"async\" src=\"http:\/\/amar24.pl\/tlumacz-przysiegly-warszawa-mokotow\/wp-content\/uploads\/2014\/12\/3.png\" alt=\"3\" \/><\/p>\n<h4>Gwarancja 100% satysfakcji<\/h4>\n<p>Najlepsi T\u0142umacze Przysi\u0119gli w AmaR24. Pracuj\u0105 dla nas tylko najlepsi, od lat sprawdzeni przez nas i do\u015bwiadczeni T\u0142umacze Przysi\u0119gli. Nasi T\u0142umacze Przysi\u0119gli maj\u0105 aktualne uprawnienia nadane przez Ministerstwo Sprawiedliwo\u015bci i wieloletnie do\u015bwiadczenie.<br \/>\nZobacz wi\u0119cej&#8230;<\/p>\n<p>Wybieramy osoby rzetelne i terminowe, gdy\u017c zadowolenie klient\u00f3w jest dla nas najwa\u017cniejsze. Wiemy, \u017ce dobre t\u0142umaczenie musi przede wszystkim by\u0107 wykonane na czas, w uzgodnionym terminie.<br \/>\nAby zapewni\u0107 najwy\u017csz\u0105 jako\u015b\u0107, ka\u017cde t\u0142umaczenie jest sprawdzane pod k\u0105tem zgodno\u015b\u0107 danych liczbowych, nazwisk, dat, cyfr i adres\u00f3w przez niezale\u017cnego weryfikatora, aby zapewni\u0107 bezb\u0142\u0119dne t\u0142umaczenia bez omy\u0142ek. Gwarantuje to pomy\u015blne za\u0142atwienie spraw urz\u0119dowych.<br \/>\nWszystkie procedury s\u0142u\u017c\u0105ce 100% satysfakcji klient\u00f3w zaowocowa\u0142y odznaczeniem Z\u0142otych Or\u0142\u00f3w T\u0142umacze\u0144 z ocen\u0105 9.9\/10.0 w plebiscycie Or\u0142y T\u0142umacze\u0144. Plebiscyt w przyznawaniu odznacze\u0144 opiera si\u0119 na rzetelnych ocenach klient\u00f3w, jakie znalaz\u0142y si\u0119 w Internecie na najwi\u0119kszych, rzetelnych portalach opiniotw\u00f3rczych. To odznaczenie daje nam prawo do prawdziwej dumy, \u017ce spe\u0142niamy doskonale oczekiwania klient\u00f3w.<\/p>\n<h3><a href=\"\/oferta\/\">Bezp\u0142atnie doradzimy co wymaga t\u0142umaczenia przysi\u0119g\u0142ego &#8211; zadzwo\u0144!<\/a><\/h3>\n","protected":false},"excerpt":{"rendered":"<p>T\u0142umacz przysi\u0119g\u0142y Warszawa Wykonujemy wysokiej jako\u015bci t\u0142umaczenia dla firm i os\u00f3b prywatnych. Zapraszamy do czterech biur t\u0142umacze\u0144 w Warszawie: Warszawa Centrum: ul. Ogrodowa 31 lok. 84<span class=\"excerpt-hellip\"> [\u2026]<\/span><\/p>\n","protected":false},"author":3,"featured_media":0,"parent":0,"menu_order":0,"comment_status":"open","ping_status":"open","template":"","meta":{"footnotes":""},"class_list":["post-42","page","type-page","status-publish","hentry"],"_links":{"self":[{"href":"https:\/\/amar24.pl\/tlumacz-przysiegly-warszawa-mokotow\/wp-json\/wp\/v2\/pages\/42","targetHints":{"allow":["GET"]}}],"collection":[{"href":"https:\/\/amar24.pl\/tlumacz-przysiegly-warszawa-mokotow\/wp-json\/wp\/v2\/pages"}],"about":[{"href":"https:\/\/amar24.pl\/tlumacz-przysiegly-warszawa-mokotow\/wp-json\/wp\/v2\/types\/page"}],"author":[{"embeddable":true,"href":"https:\/\/amar24.pl\/tlumacz-przysiegly-warszawa-mokotow\/wp-json\/wp\/v2\/users\/3"}],"replies":[{"embeddable":true,"href":"https:\/\/amar24.pl\/tlumacz-przysiegly-warszawa-mokotow\/wp-json\/wp\/v2\/comments?post=42"}],"version-history":[{"count":0,"href":"https:\/\/amar24.pl\/tlumacz-przysiegly-warszawa-mokotow\/wp-json\/wp\/v2\/pages\/42\/revisions"}],"wp:attachment":[{"href":"https:\/\/amar24.pl\/tlumacz-przysiegly-warszawa-mokotow\/wp-json\/wp\/v2\/media?parent=42"}],"curies":[{"name":"wp","href":"https:\/\/api.w.org\/{rel}","templated":true}]}}