{"id":83,"date":"2016-06-03T12:03:08","date_gmt":"2016-06-03T10:03:08","guid":{"rendered":"http:\/\/amar24.pl\/tlumacz-przysiegly-warszawa-mokotow\/?page_id=83"},"modified":"2022-02-15T15:36:41","modified_gmt":"2022-02-15T14:36:41","slug":"tlumaczenia-przysiegle","status":"publish","type":"page","link":"https:\/\/amar24.pl\/tlumacz-przysiegly-warszawa-mokotow\/tlumaczenia-przysiegle\/","title":{"rendered":"T\u0142umaczenia przysi\u0119g\u0142e"},"content":{"rendered":"<h2>Czym s\u0105 t\u0142umaczenia przysi\u0119g\u0142e?<\/h2>\n<p>T\u0142umaczenia przysi\u0119g\u0142e to potoczna nazwa t\u0142umacze\u0144 uwierzytelnionych. S\u0105 to szczeg\u00f3lnego rodzaju przek\u0142ady z jednego j\u0119zyka na inny, dokonywane przez uprawnione do tego osoby &#8211; t\u0142umaczy przysi\u0119g\u0142ych. Od t\u0142umacze\u0144 zwyk\u0142ych odr\u00f3\u017cnia je to, \u017ce t\u0142umacz przysi\u0119g\u0142y dokonuj\u0105cy przek\u0142adu bierze pe\u0142n\u0105 odpowiedzialno\u015b\u0107 cywiln\u0105 za rzetelno\u015b\u0107 wykonanej pracy. W przypadku b\u0142\u0119dnego wykonania pracy, zleceniodawca ma prawo ubiega\u0107 si\u0119 odszkodowania od wykonuj\u0105cego zlecenie, co mo\u017ce grozi\u0107 r\u00f3wnie\u017c utrat\u0105 uprawnie\u0144 t\u0142umacza przysi\u0119g\u0142ego.<\/p>\n<p>Translacje przysi\u0119g\u0142e s\u0105 powszechnie uznawane za oficjalnie akceptowane t\u0142umaczenie dokumentu prawnego lub dowolnego dokumentu wymagaj\u0105cego akceptacji w sytuacji prawnej, takiego jak akty urodzenia, akademickie \u015bwiadectwa lub o\u015bwiadczenia. Najcz\u0119\u015bciej zawieraj\u0105 one r\u00f3wnie\u017c podpis i piecz\u0119\u0107. S\u0105 one stosowane na szerok\u0105 skal\u0119, w przypadku kiedy osoba nie jest zaznajomiona z okre\u015blonym j\u0119zykiem, a potrzebuje przet\u0142umaczy\u0107 dokument i nie tylko.<\/p>\n<p>&nbsp;<\/p>\n<h2>Jakie j\u0119zyki t\u0142umaczymy?<\/h2>\n<h3>angielski<\/h3>\n<p>Angielski jest obecnie najpopularniejszym j\u0119zykiem na \u015bwiecie. Zapewne jak wiele os\u00f3b zdo\u0142asz lepiej lub gorzej si\u0119 nim pos\u0142ugiwa\u0107. Zdarzaj\u0105 si\u0119 jednak takie sytuacje, w kt\u00f3rych przyda Ci si\u0119 t\u0142umacz. Co wi\u0119cej, istnieje pakiet pism, kt\u00f3re za granic\u0105 mog\u0105 by\u0107 honorowane tylko, je\u017celi wst\u0119puj\u0105 w postaci t\u0142umaczenia przysi\u0119g\u0142ego. Do takich pism zaliczy\u0107 mo\u017cna wszelkiego rodzaju pisma formalne, poczt\u0119 z bankiem czy prawnikiem. Je\u017celi wyje\u017cd\u017casz za granic\u0119 i potrzebujesz uwierzytelnienia swoich pism, powiniene\u015b najpierw odwiedzi\u0107 t\u0142umacza przysi\u0119g\u0142ego.<\/p>\n<h3>niemiecki<\/h3>\n<p>Wiele os\u00f3b decyduje si\u0119 na podj\u0119cie pracy lub przeprowadzk\u0119 do naszych zachodnich s\u0105siad\u00f3w. Taka decyzja powi\u0105zana jest z konieczno\u015bci\u0105 uzupe\u0142nienia wielu formalno\u015bci. Nawet je\u015bli sam pos\u0142ugujesz si\u0119 biegle j\u0119zykiem niemieckim, mo\u017ce si\u0119 to okaza\u0107 niewystarczaj\u0105ce. Nabycie nieruchomo\u015bci, pisma formalne, dokumentacja medyczna \u2013 to wszystko wymaga t\u0142umaczenia przysi\u0119g\u0142ego.<\/p>\n<h3>rosyjski<\/h3>\n<p>Twoja firma otworzy\u0142a si\u0119 na wsp\u00f3\u0142prac\u0119 z s\u0105siadami ze wschodu? Doskonale! Rosja jest kr\u00f3lestwem pe\u0142nym przysz\u0142ych przedsi\u0119biorc\u00f3w biznesowych. Je\u017celi nale\u017cysz do starszego pokolenia, z pewno\u015bci\u0105 pami\u0119tasz przynajmniej jeszcze podstawowe zwroty. Je\u015bli jednak liczysz na rzeteln\u0105 wsp\u00f3\u0142prac\u0119, znajomo\u015b\u0107 rosyjskiego na poziomie terminatora szko\u0142y \u015bredniej, to zdecydowanie za ma\u0142o. Od czego jednak s\u0105 t\u0142umaczenia przysi\u0119g\u0142e? Wydob\u0105d\u017a odpowiedniego specjalist\u0119 i pozw\u00f3l swojej firmie na pe\u0142en rozw\u00f3j!<\/p>\n<h3>ukrai\u0144ski<\/h3>\n<p>W Polsce mieszka i pracuje spory procent os\u00f3b narodowo\u015bci ukrai\u0144skiej. Je\u015bli kto\u015b zza wschodniej bariery pragnie znale\u017a\u0107 prac\u0119 lub przeprowadzi\u0107 si\u0119 do Polski, musi przed\u0142o\u017cy\u0107 do w\u0142a\u015bciwych instytucji pakiet pism w formie t\u0142umaczenia przysi\u0119g\u0142ego. A mo\u017ce to Twoja firma pragnie zaprosi\u0107 do wsp\u00f3\u0142pracy Ukrainki i Ukrai\u0144c\u00f3w? Je\u017celi tak, pami\u0119taj o obowi\u0105zkach, jakie ci\u0105\u017c\u0105 na Tobie jak pracodawcy wzgl\u0119dem pracownik\u00f3w i wsp\u00f3lnik\u00f3w spoza Unii Europejskiej. Zacznij od znalezienia fachowego biura t\u0142umacze\u0144, z kt\u00f3rego pomoc\u0105 zorganizujesz wszystkie formalno\u015bci.<\/p>\n<h3>francuski<\/h3>\n<p>Trudno jest znale\u017a\u0107 osob\u0119, kt\u00f3rej nie podoba\u0142oby si\u0119 d\u017awi\u0119czenie j\u0119zyka francuskiego. Je\u015bli wybierasz si\u0119 w podr\u00f3\u017c do pi\u0119knej Francji, z pewno\u015bci\u0105 przyda Ci si\u0119 kieszonkowy s\u0142ownik i komplet rozm\u00f3wek. Je\u015bli jednak planujesz rozpocz\u0105\u0107 aktywno\u015b\u0107 zawodow\u0105 w tym pa\u0144stwie, nawi\u0105za\u0107 wsp\u00f3\u0142prac\u0119 z francuskimi partnerami czy kupowa\u0107 nieruchomo\u015b\u0107, musisz koniecznie skorzysta\u0107 z us\u0142ug biura t\u0142umacze\u0144, kt\u00f3re zajmuje si\u0119 t\u0142umaczeniem przysi\u0119g\u0142ym w zakresie j\u0119zyka francuskiego. Bez uwierzytelnionych dokument\u00f3w nie mo\u017cesz bowiem za\u0142atwi\u0107 \u017cadnych spraw w urz\u0119dzie, banku czy trybunale.<\/p>\n<h3>hiszpa\u0144ski<\/h3>\n<p>J\u0119zyk hiszpa\u0144ski zaliczany jest do najpowszechniej wykorzystywanych j\u0119zyk\u00f3w \u015bwiata. Jest to urz\u0119dowy j\u0119zyk zar\u00f3wno w Hiszpanii, jak i w wielu krajach Ameryki \u0141aci\u0144skiej. Chcesz rzuci\u0107 wszystko i odjecha\u0107 do Madrytu albo Buenos Aires? A mo\u017ce chcesz, by Twoja firma otworzy\u0142a si\u0119 na wsp\u00f3\u0142prac\u0119 z przedstawicielami tych egzotycznych kraj\u00f3w? Tak czy inaczej, zacznij od organizowania spraw urz\u0119dowych du\u017co wcze\u015bniej. Przeprowadzka lub podj\u0119cie pracy w jednym z pa\u0144stw hiszpa\u0144skoj\u0119zycznych wymaga skompletowania wielu dokument\u00f3w, kt\u00f3re wymagaj\u0105 t\u0142umaczenia przysi\u0119g\u0142ego.<\/p>\n<h3>w\u0142oski<\/h3>\n<p>W\u0142oski, na r\u00f3wni z francuskim i hiszpa\u0144skim, jest uznawany za jeden z najpi\u0119kniejszych j\u0119zyk\u00f3w \u015bwiata. Je\u017celi jednak obcujesz z tym j\u0119zykiem nie tylko podczas ferii, lecz tak\u017ce w \u017cyciu profesjonalnym, powiniene\u015b skorzysta\u0107 z us\u0142ug biura t\u0142umacze\u0144, kt\u00f3re wykona dla Twojej firmy t\u0142umaczenia przysi\u0119g\u0142e. Liczysz na kooperacj\u0119 z w\u0142oskimi przedsi\u0119biorcami? A mo\u017ce s\u0105dzisz o inwestycji na po\u0142udniu Europy? Bez wzgl\u0119du na to, jakie s\u0105 Twoje pomys\u0142y, pami\u0119taj, \u017ce \u017cadnej formalnej sprawy nie za\u0142atwisz bez t\u0142umacza przysi\u0119g\u0142ego.<br \/>\n&nbsp;<\/p>\n<h2>Zalety wykonania t\u0142umaczenia przysi\u0119g\u0142ego przez profesjonalist\u00f3w.<\/h2>\n<p>Niezwykle istotn\u0105 kwesti\u0105, kt\u00f3ra powinna Ci\u0119 sk\u0142oni\u0107 do skorzystania z profesjonalnego t\u0142umaczenia przysi\u0119g\u0142ego jest wieloletnie do\u015bwiadczenie, wiedza bran\u017cowa i wysoka znajomo\u015b\u0107 j\u0119zyka obcego osoby dokonuj\u0105cej przek\u0142adu. T\u0142umaczenie przysi\u0119g\u0142e zostanie wykonane przez osob\u0119 specjalizuj\u0105c\u0105 si\u0119 w okre\u015blonej bran\u017cy. Masz w\u00f3wczas pewno\u015b\u0107, \u017ce zlecenie zostanie przeprowadzone z nale\u017cyt\u0105 staranno\u015bci\u0105, ca\u0142kowicie legalnie i zgodnie z normami obowi\u0105zuj\u0105cego prawa. Us\u0142uga b\u0119dzie udokumentowana,a t\u0142umacz wystawi Ci faktur\u0119 lub rachunek. W przypadku niezadowolenia z wykonanej us\u0142ugi b\u0119dziesz m\u00f3g\u0142 z\u0142o\u017cy\u0107 reklamacj\u0119.<\/p>\n<h2>Ile trwa wykonanie t\u0142umaczenia przysi\u0119g\u0142ego?<\/h2>\n<p>T\u0142umaczenie przysi\u0119g\u0142e jest to uwierzytelniony przek\u0142ad obcoj\u0119zycznych dokument\u00f3w na wybrany j\u0119zyk. Brzmi skomplikowanie, ale w praktyce zadanie polega na przet\u0142umaczeniu dokument\u00f3w z jednego j\u0119zyka na inny. T\u0142umaczenie teoretycznie mo\u017ce wykona\u0107 ka\u017cda osoba znaj\u0105ca dany j\u0119zyk w odpowiednim stopniu zaawansowania. Tak przet\u0142umaczony dokument mo\u017ce by\u0107 co prawda zrozumia\u0142y, jednak nie mo\u017ce zosta\u0107 uwierzytelniony przez osob\u0119 t\u0142umacz\u0105c\u0105. Na tym polega najwi\u0119ksza r\u00f3\u017cnica mi\u0119dzy t\u0142umaczem przysi\u0119g\u0142ym, kt\u00f3ry jest osob\u0105 zaufania publicznego, a zwyk\u0142ym, znaj\u0105cym dobrze obcy j\u0119zyk obywatelem.<\/p>\n<p>Je\u015bli zlecasz przet\u0142umaczenie og\u00f3lnego tekstu, musisz si\u0119 liczy\u0107 z tym, \u017ce jest to praca wymagaj\u0105ca odpowiedniego nak\u0142adu czasu. Przyjmuje si\u0119, \u017ce t\u0142umacz opracuje od 3 do 5 stron rozliczeniowych, tj. zajmuj\u0105cych 1125 znak\u00f3w ze spacjami dziennie. Sk\u0105d taka r\u00f3\u017cnica? Wszystko zale\u017cy od tego, czy jest to t\u0142umaczenie og\u00f3lne czy specjalistyczne. To drugie standardowo wykonuje si\u0119 d\u0142u\u017cej, st\u0105d mniejsza liczba przet\u0142umaczonych stron.<\/p>\n","protected":false},"excerpt":{"rendered":"<p>Czym s\u0105 t\u0142umaczenia przysi\u0119g\u0142e? T\u0142umaczenia przysi\u0119g\u0142e to potoczna nazwa t\u0142umacze\u0144 uwierzytelnionych. S\u0105 to szczeg\u00f3lnego rodzaju przek\u0142ady z jednego j\u0119zyka na inny, dokonywane przez uprawnione do tego<span class=\"excerpt-hellip\"> [\u2026]<\/span><\/p>\n","protected":false},"author":3,"featured_media":0,"parent":0,"menu_order":0,"comment_status":"open","ping_status":"open","template":"","meta":{"footnotes":""},"class_list":["post-83","page","type-page","status-publish","hentry"],"_links":{"self":[{"href":"https:\/\/amar24.pl\/tlumacz-przysiegly-warszawa-mokotow\/wp-json\/wp\/v2\/pages\/83","targetHints":{"allow":["GET"]}}],"collection":[{"href":"https:\/\/amar24.pl\/tlumacz-przysiegly-warszawa-mokotow\/wp-json\/wp\/v2\/pages"}],"about":[{"href":"https:\/\/amar24.pl\/tlumacz-przysiegly-warszawa-mokotow\/wp-json\/wp\/v2\/types\/page"}],"author":[{"embeddable":true,"href":"https:\/\/amar24.pl\/tlumacz-przysiegly-warszawa-mokotow\/wp-json\/wp\/v2\/users\/3"}],"replies":[{"embeddable":true,"href":"https:\/\/amar24.pl\/tlumacz-przysiegly-warszawa-mokotow\/wp-json\/wp\/v2\/comments?post=83"}],"version-history":[{"count":0,"href":"https:\/\/amar24.pl\/tlumacz-przysiegly-warszawa-mokotow\/wp-json\/wp\/v2\/pages\/83\/revisions"}],"wp:attachment":[{"href":"https:\/\/amar24.pl\/tlumacz-przysiegly-warszawa-mokotow\/wp-json\/wp\/v2\/media?parent=83"}],"curies":[{"name":"wp","href":"https:\/\/api.w.org\/{rel}","templated":true}]}}