{"id":85,"date":"2016-06-08T12:24:05","date_gmt":"2016-06-08T10:24:05","guid":{"rendered":"http:\/\/amar24.pl\/tlumacz-przysiegly-warszawa-mokotow\/?page_id=85"},"modified":"2024-07-18T08:46:32","modified_gmt":"2024-07-18T08:46:32","slug":"tlumaczenia-przysiegle-dokumentow-urzedowych","status":"publish","type":"page","link":"https:\/\/amar24.pl\/tlumacz-przysiegly-warszawa-mokotow\/tlumaczenia-przysiegle-dokumentow-urzedowych\/","title":{"rendered":"T\u0142umaczenia dokument\u00f3w urz\u0119dowych"},"content":{"rendered":"<h2>Czym s\u0105 t\u0142umaczenia przysi\u0119g\u0142e dokument\u00f3w urz\u0119dowych?<\/h2>\n<p>Wszelkie dokumenty urz\u0119dowe wystawione w j\u0119zyku obcym, na kt\u00f3re chcesz si\u0119 powo\u0142a\u0107 w polskich organach administracji publicznej, wymagaj\u0105 przek\u0142adu na j\u0119zyk polski. Aby mog\u0142y by\u0107 potraktowane przez polski urz\u0105d jako oficjalny dokument, musz\u0105 zosta\u0107 przet\u0142umaczone przez t\u0142umacza przysi\u0119g\u0142ego.<br \/>\nWbrew pozorom, dokument\u00f3w tych jest bardzo wiele. Je\u015bli sko\u0144czy\u0142e\u015b szko\u0142\u0119 czy studia za granic\u0105, chc\u0105c uzna\u0107 swoje wykszta\u0142cenie w Polsce, b\u0119dziesz musia\u0142 skorzysta\u0107 z pomocy t\u0142umacza przysi\u0119g\u0142ego, kt\u00f3ry prze\u0142o\u017cy dokument na j\u0119zyk polski i umo\u017cliwi dalsze post\u0119powanie.<\/p>\n<p>Uznaje si\u0119 za nie oficjalnie przyj\u0119t\u0105 translacj\u0119 okre\u015blonego dokumentu, kt\u00f3ry musi zosta\u0107 zaakceptowany w sytuacji prawne. T\u0142umaczenia przysi\u0119g\u0142e s\u0105 zawsze potrzebne, gdy maj\u0105 by\u0107 u\u017cywane do cel\u00f3w administracyjnych lub rz\u0105dowych. Mo\u017cna si\u0119 w nie zaopatrzy\u0107 w miejscach takich, jak r\u00f3\u017cnego rodzaju biura t\u0142umacze\u0144 przysi\u0119g\u0142ych, kt\u00f3re dost\u0119pne s\u0105 na terytorium ca\u0142ego kraju, przez co mo\u017cna je bezproblemowo znale\u017a\u0107.<\/p>\n<p>&nbsp;<\/p>\n<h2>T\u0142umaczymy j\u0119zyki<\/h2>\n<h3>angielski<\/h3>\n<p>Angielski jest aktualnie najpopularniejszym j\u0119zykiem na \u015bwiecie. Zapewne jak wiele os\u00f3b potrafisz lepiej lub gorzej si\u0119 nim pos\u0142ugiwa\u0107. Zdarzaj\u0105 si\u0119 jednak takie sytuacje, w kt\u00f3rych przyda Ci si\u0119 t\u0142umacz. Co wi\u0119cej, istnieje pakiet dokument\u00f3w, kt\u00f3re za granic\u0105 mog\u0105 by\u0107 honorowane tylko, je\u017celi wst\u0119puj\u0105 w formie t\u0142umaczenia przysi\u0119g\u0142ego. Do takich dokument\u00f3w zaliczy\u0107 mo\u017cna wszelakiego rodzaju pisma formalne, poczt\u0119 z bankiem czy prawnikiem. Je\u017celi wyje\u017cd\u017casz za granic\u0119 i potrzebujesz uwierzytelnienia swoich pism, powiniene\u015b najpierw odwiedzi\u0107 t\u0142umacza przysi\u0119g\u0142ego.<\/p>\n<h3>niemiecki<\/h3>\n<p>Wiele os\u00f3b decyduje si\u0119 na podj\u0119cie pracy lub przeprowadzk\u0119 do naszych zachodnich s\u0105siad\u00f3w. Taka decyzja powi\u0105zana jest z konieczno\u015bci\u0105 uzupe\u0142nienia wielu formalno\u015bci. Nawet je\u017celi sam obs\u0142ugujesz si\u0119 biegle j\u0119zykiem niemieckim, mo\u017ce si\u0119 to okaza\u0107 niewystarczaj\u0105ce. Kupno nieruchomo\u015bci, pisma formalne, dokumentacja medyczna \u2013 to wszystko wymaga t\u0142umaczenia przysi\u0119g\u0142ego.<\/p>\n<h3>rosyjski<\/h3>\n<p>Twoja firma otworzy\u0142a si\u0119 na kooperacj\u0119 z s\u0105siadami ze wschodu? Doskonale! Rosja jest pa\u0144stwem ca\u0142kowitym przysz\u0142ych kontrahent\u00f3w biznesowych. Je\u015bli zaliczasz si\u0119 do starszego pokolenia, z pewno\u015bci\u0105 wspominasz przynajmniej jeszcze podstawowe zwroty. Je\u015bli jednak liczysz na formaln\u0105 wsp\u00f3\u0142prac\u0119, znajomo\u015b\u0107 rosyjskiego na poziomie terminatora szko\u0142y \u015bredniej, to zdecydowanie za ma\u0142o. Od czego jednak s\u0105 t\u0142umaczenia przysi\u0119g\u0142e? Wydob\u0105d\u017a odpowiedniego specjalist\u0119 i pozw\u00f3l swojej firmie na pe\u0142en rozw\u00f3j!<\/p>\n<h3>ukrai\u0144ski<\/h3>\n<p>W Polsce przebywa i pracuje poka\u017any odsetek os\u00f3b narodowo\u015bci ukrai\u0144skiej. Je\u017celi kto\u015b zza wschodniej bariery pragnie znale\u017a\u0107 prac\u0119 lub uwie\u0144czy\u0107 si\u0119 do Polski, musi przed\u0142o\u017cy\u0107 do odpowiednich instytucji szereg pism w formie t\u0142umaczenia przysi\u0119g\u0142ego. A mo\u017ce to Twoja firma pragnie zaprosi\u0107 do wsp\u00f3\u0142pracy Ukrainki i Ukrai\u0144c\u00f3w? Je\u017celi tak, pami\u0119taj o obowi\u0105zkach, jakie ci\u0105\u017c\u0105 na Tobie jak pracodawcy aspektem pracownik\u00f3w i wsp\u00f3lnik\u00f3w spoza Unii Europejskiej. Zacznij od znalezienia fachowego biura t\u0142umacze\u0144, z kt\u00f3rego pomoc\u0105 za\u0142atwisz wszystkie formalno\u015bci.<\/p>\n<h3>francuski<\/h3>\n<p>Trudno jest znale\u017a\u0107 osob\u0119, kt\u00f3rej nie podoba\u0142oby si\u0119 d\u017awi\u0119czenie j\u0119zyka francuskiego. Je\u017celi wybierasz si\u0119 w podr\u00f3\u017c do pi\u0119knej Francji, z pewno\u015bci\u0105 przyda Ci si\u0119 kieszonkowy s\u0142ownik i zestaw rozm\u00f3wek. Je\u017celi jednak przewidujesz rozpocz\u0105\u0107 aktywno\u015b\u0107 zawodow\u0105 w tym pa\u0144stwie, nawi\u0105za\u0107 kooperacj\u0119 z francuskimi kontrahentami czy kupi\u0107 nieruchomo\u015b\u0107, musisz koniecznie skorzysta\u0107 z us\u0142ug biura t\u0142umacze\u0144, kt\u00f3re zajmuje si\u0119 t\u0142umaczeniem przysi\u0119g\u0142ym w zakresie j\u0119zyka francuskiego. Bez uwierzytelnionych pism nie mo\u017cesz bowiem uregulowa\u0107 \u017cadnych spraw w urz\u0119dzie, banku czy s\u0105dzie.<\/p>\n<h3>hiszpa\u0144ski<\/h3>\n<p>J\u0119zyk hiszpa\u0144ski zaliczany jest do najpowszechniej wykorzystywanych j\u0119zyk\u00f3w \u015bwiata. Jest to oficjalny j\u0119zyk zar\u00f3wno w Hiszpanii, jak i w wielu krajach Ameryki \u0141aci\u0144skiej. Chcesz rzuci\u0107 wszystko i wyjecha\u0107 do Madrytu albo Buenos Aires? A mo\u017ce chcesz, \u017ceby Twoja firma otworzy\u0142a si\u0119 na kooperacj\u0119 z po\u015brednikami tych egzotycznych pa\u0144stw? Tak czy inaczej, zacznij od organizowania spraw formalnych wiele wcze\u015bniej. Przeprowadzka lub podj\u0119cie pracy w jednym z pa\u0144stw hiszpa\u0144skoj\u0119zycznych wymaga skompletowania wielu pism, kt\u00f3re wymagaj\u0105 t\u0142umaczenia przysi\u0119g\u0142ego.<\/p>\n<h3>w\u0142oski<\/h3>\n<p>W\u0142oski, na r\u00f3wni z francuskim i hiszpa\u0144skim, jest dopuszczany za jeden z najpi\u0119kniejszych j\u0119zyk\u00f3w \u015bwiata. Je\u017celi jednak obcujesz z tym j\u0119zykiem nie tylko podczas wakacji, lecz tak\u017ce w \u017cyciu profesjonalnym, powiniene\u015b skorzysta\u0107 z us\u0142ug biura t\u0142umacze\u0144, kt\u00f3re wykona dla Twojej firmy t\u0142umaczenia przysi\u0119g\u0142e. Liczysz na wsp\u00f3\u0142prac\u0119 z w\u0142oskimi kontrahentami? A mo\u017ce s\u0105dzisz o inwestycji na po\u0142udniu Europy? Bez wzgl\u0119du na to, jakie s\u0105 Twoje pomys\u0142y, pami\u0119taj, \u017ce \u017cadnej urz\u0119dowej sprawy nie za\u0142atwisz bez t\u0142umacza przysi\u0119g\u0142ego.<br \/>\n&nbsp;<\/p>\n<h2>Zalety wykonania t\u0142umaczenia przysi\u0119g\u0142ego dokument\u00f3w urz\u0119dowych przez profesjonalist\u00f3w.<\/h2>\n<p>Zlecaj\u0105c dokonanie t\u0142umaczenia przysi\u0119g\u0142ego dokumentu urz\u0119dowego profesjonalni\u015bcie masz pewno\u015b\u0107, \u017ce wykona\u0142a je osoba zaufania publicznego posiadaj\u0105ca uprawnienia nadane przez Ministerstra Sprawiedliwo\u015bci. T\u0142umaczenie zostanie opatrzone specjaln\u0105 piecz\u0119ci\u0105 t\u0142umacza i odnotowane w odpowiednim rejestrze, dzi\u0119ki czemu b\u0119dzie respektowane przez wszelkie urz\u0119dy pa\u0144stwowe i organy w\u0142adzy publicznej. <\/p>\n<h2>Ile trwa wykonanie t\u0142umaczenia przysi\u0119g\u0142ego dokument\u00f3w urz\u0119dowych?<\/h2>\n<p>Je\u017celi masz do przet\u0142umaczenia dokumenty urz\u0119dowe, pami\u0119taj, \u017ce powinny one zosta\u0107 przet\u0142umaczone przez t\u0142umacza przysi\u0119g\u0142ego, kt\u00f3ry jest osob\u0105 zaufania publicznego i posiada uprawnienia wydane przez Ministerstwo Sprawiedliwo\u015bci. Najlepiej, \u017ceby specjalizowa\u0142 si\u0119 w zakresie zagadnie\u0144 administracyjnych. Jakie dokumenty urz\u0119dowe s\u0105 t\u0142umaczone? Nale\u017c\u0105 do nich przede wszystkim akty urodzenia, akty zgon\u00f3w, akty ma\u0142\u017ce\u0144stwa, dowody osobiste, karty pobytu itd.<\/p>\n<p>Ile czasu potrzebuje t\u0142umacz na przet\u0142umaczenie dokument\u00f3w urz\u0119dowych? Wszystko zale\u017cy od tego, jakiego rodzaju jest to dokument. Je\u017celi masz czas i zlecasz prac\u0119 w normalnym trybie, a dokument ma poni\u017cej 18 stron, to t\u0142umaczenie b\u0119dzie wykonane w ci\u0105gu trzech dni (6 lub mniej stron na dzie\u0144). W przypadku zlece\u0144 pilnych przy analogicznej liczbie stron, mo\u017cesz liczy\u0107 na skr\u00f3cenie czasu do 2 dni, ale we\u017a pod uwag\u0119, \u017ce cena wzro\u015bnie o 20%. Cena mo\u017ce by\u0107 jeszcze wzrosn\u0105\u0107 nawet o 100%, je\u017celi dokumenty potrzebujesz \u201ena wczoraj\u201d, wykonanie zlecenia w czasie poni\u017cej 24 godzin jest mo\u017cliwe, ale kosztuje odpowiednio wi\u0119cej.<\/p>\n","protected":false},"excerpt":{"rendered":"<p>Czym s\u0105 t\u0142umaczenia przysi\u0119g\u0142e dokument\u00f3w urz\u0119dowych? Wszelkie dokumenty urz\u0119dowe wystawione w j\u0119zyku obcym, na kt\u00f3re chcesz si\u0119 powo\u0142a\u0107 w polskich organach administracji publicznej, wymagaj\u0105 przek\u0142adu na<span class=\"excerpt-hellip\"> [\u2026]<\/span><\/p>\n","protected":false},"author":3,"featured_media":0,"parent":0,"menu_order":0,"comment_status":"closed","ping_status":"closed","template":"","meta":{"footnotes":""},"class_list":["post-85","page","type-page","status-publish","hentry"],"_links":{"self":[{"href":"https:\/\/amar24.pl\/tlumacz-przysiegly-warszawa-mokotow\/wp-json\/wp\/v2\/pages\/85","targetHints":{"allow":["GET"]}}],"collection":[{"href":"https:\/\/amar24.pl\/tlumacz-przysiegly-warszawa-mokotow\/wp-json\/wp\/v2\/pages"}],"about":[{"href":"https:\/\/amar24.pl\/tlumacz-przysiegly-warszawa-mokotow\/wp-json\/wp\/v2\/types\/page"}],"author":[{"embeddable":true,"href":"https:\/\/amar24.pl\/tlumacz-przysiegly-warszawa-mokotow\/wp-json\/wp\/v2\/users\/3"}],"replies":[{"embeddable":true,"href":"https:\/\/amar24.pl\/tlumacz-przysiegly-warszawa-mokotow\/wp-json\/wp\/v2\/comments?post=85"}],"version-history":[{"count":0,"href":"https:\/\/amar24.pl\/tlumacz-przysiegly-warszawa-mokotow\/wp-json\/wp\/v2\/pages\/85\/revisions"}],"wp:attachment":[{"href":"https:\/\/amar24.pl\/tlumacz-przysiegly-warszawa-mokotow\/wp-json\/wp\/v2\/media?parent=85"}],"curies":[{"name":"wp","href":"https:\/\/api.w.org\/{rel}","templated":true}]}}