{"id":87,"date":"2016-06-08T12:31:08","date_gmt":"2016-06-08T10:31:08","guid":{"rendered":"http:\/\/amar24.pl\/tlumacz-przysiegly-warszawa-mokotow\/?page_id=87"},"modified":"2020-12-06T20:20:49","modified_gmt":"2020-12-06T19:20:49","slug":"tlumaczenia-przysiegle-dokumentow","status":"publish","type":"page","link":"https:\/\/amar24.pl\/tlumacz-przysiegly-warszawa-mokotow\/tlumaczenia-przysiegle-dokumentow\/","title":{"rendered":"T\u0142umaczenia przysi\u0119g\u0142e dokument\u00f3w"},"content":{"rendered":"","protected":false},"excerpt":{"rendered":"","protected":false},"author":3,"featured_media":0,"parent":0,"menu_order":0,"comment_status":"closed","ping_status":"closed","template":"","meta":{"footnotes":""},"class_list":["post-87","page","type-page","status-publish","hentry"],"_links":{"self":[{"href":"https:\/\/amar24.pl\/tlumacz-przysiegly-warszawa-mokotow\/wp-json\/wp\/v2\/pages\/87","targetHints":{"allow":["GET"]}}],"collection":[{"href":"https:\/\/amar24.pl\/tlumacz-przysiegly-warszawa-mokotow\/wp-json\/wp\/v2\/pages"}],"about":[{"href":"https:\/\/amar24.pl\/tlumacz-przysiegly-warszawa-mokotow\/wp-json\/wp\/v2\/types\/page"}],"author":[{"embeddable":true,"href":"https:\/\/amar24.pl\/tlumacz-przysiegly-warszawa-mokotow\/wp-json\/wp\/v2\/users\/3"}],"replies":[{"embeddable":true,"href":"https:\/\/amar24.pl\/tlumacz-przysiegly-warszawa-mokotow\/wp-json\/wp\/v2\/comments?post=87"}],"version-history":[{"count":0,"href":"https:\/\/amar24.pl\/tlumacz-przysiegly-warszawa-mokotow\/wp-json\/wp\/v2\/pages\/87\/revisions"}],"wp:attachment":[{"href":"https:\/\/amar24.pl\/tlumacz-przysiegly-warszawa-mokotow\/wp-json\/wp\/v2\/media?parent=87"}],"curies":[{"name":"wp","href":"https:\/\/api.w.org\/{rel}","templated":true}]}}