{"id":89,"date":"2016-06-09T08:34:10","date_gmt":"2016-06-09T06:34:10","guid":{"rendered":"http:\/\/amar24.pl\/tlumacz-przysiegly-warszawa-mokotow\/?page_id=89"},"modified":"2024-07-18T08:47:54","modified_gmt":"2024-07-18T08:47:54","slug":"tlumaczenia-przysiegle-dokumentow-samochodowych","status":"publish","type":"page","link":"https:\/\/amar24.pl\/tlumacz-przysiegly-warszawa-mokotow\/tlumaczenia-przysiegle-dokumentow-samochodowych\/","title":{"rendered":"T\u0142umaczenia dokument\u00f3w samochodowych"},"content":{"rendered":"<h2>Czym s\u0105 t\u0142umaczenia przysi\u0119g\u0142e dokument\u00f3w samochodowych?<\/h2>\n<p>Planujesz sprowadzi\u0107 samoch\u00f3d z zagranicy? A mo\u017ce kupi\u0142e\u015b sprowadzone auto, kt\u00f3re nie zosta\u0142o jeszcze zarejestrowane w Polsce? Chc\u0105c dope\u0142ni\u0107 formalno\u015bci w kraju, z pewno\u015bci\u0105 spotkasz si\u0119 wi\u0119c z konieczno\u015bci\u0105 przed\u0142o\u017cenia dokument\u00f3w pojazdu. Rejestracja w Polsce b\u0119dzie wymaga\u0107 przedstawienia ich w postaci t\u0142umaczenia uwierzytelnionego. Powiniene\u015b zatem uda\u0107 si\u0119 do t\u0142umacza przysi\u0119g\u0142ego, kt\u00f3ry prze\u0142o\u017cy i uwierzytelni dokument potwierdzaj\u0105cy fakt nabycia samochodu, czyli umow\u0119 b\u0105d\u017a faktur\u0119. Konieczne b\u0119dzie te\u017c t\u0142umaczenie dowodu rejestracyjnego.<\/p>\n<p>Je\u017celi umowa kupna-sprzeda\u017cy zosta\u0142a sporz\u0105dzona w j\u0119zyku obcym, nale\u017cy j\u0105 prze\u0142o\u017cy\u0107 na znany obydwu stronom j\u0119zyk. Je\u015bli jest dwuj\u0119zyczny, powinien by\u0107 po\u015bwiadczony przez t\u0142umacza przysi\u0119g\u0142ego. Wi\u0119kszo\u015b\u0107 urz\u0119d\u00f3w rejestracji pojazd\u00f3w wymaga tego uwierzytelnienia. W przypadku kiedy samoch\u00f3d sprowadzany jest zza granicy, na przyk\u0142ad z Niemiec, t\u0142umaczenie przysi\u0119g\u0142e dokument\u00f3w samochodowych mo\u017ce okaza\u0107 si\u0119 by\u0107 potrzebne, a nawet niezb\u0119dne do pomy\u015blnego i kompleksowego przeprowadzenia transakcji pomi\u0119dzy obiema stronami, kt\u00f3re nie w\u0142adaj\u0105 tym samym j\u0119zykiem, przynajmniej na poziomie komunikatywnym.<\/p>\n<h2>angielski<\/h2>\n<p>Angielski jest aktualnie najpopularniejszym j\u0119zykiem na \u015bwiecie. Zapewne jak wiele os\u00f3b zdo\u0142asz lepiej lub gorzej si\u0119 nim pos\u0142ugiwa\u0107. Zdarzaj\u0105 si\u0119 jednak takie sytuacje, w kt\u00f3rych przyda Ci si\u0119 t\u0142umacz. Co wi\u0119cej, wyst\u0119puje pakiet pism, kt\u00f3re za granic\u0105 mog\u0105 by\u0107 honorowane tylko, je\u015bli wst\u0119puj\u0105 w formie t\u0142umaczenia przysi\u0119g\u0142ego. Do takich pism zaliczy\u0107 mo\u017cna wszelkiego rodzaju pisma formalne, korespondencj\u0119 z bankiem czy mecenasem. Je\u015bli wyje\u017cd\u017casz za granic\u0119 i potrzebujesz uwierzytelnienia swoich pism, powiniene\u015b najpierw odwiedzi\u0107 t\u0142umacza przysi\u0119g\u0142ego.<\/p>\n<h2>niemiecki<\/h2>\n<p>Wiele os\u00f3b decyduje si\u0119 na podj\u0119cie pracy lub przeprowadzk\u0119 do naszych zachodnich s\u0105siad\u00f3w. Taka decyzja powi\u0105zana jest z konieczno\u015bci\u0105 dope\u0142nienia wielu formalno\u015bci. Nawet je\u015bli sam obs\u0142ugujesz si\u0119 biegle j\u0119zykiem niemieckim, mo\u017ce si\u0119 to okaza\u0107 niewystarczaj\u0105ce. Nabycie nieruchomo\u015bci, pisma urz\u0119dowe, dokumentacja medyczna \u2013 to wszystko wymaga t\u0142umaczenia przysi\u0119g\u0142ego.<\/p>\n<h2>rosyjski<\/h2>\n<p>Twoja firma otworzy\u0142a si\u0119 na kooperacj\u0119 z s\u0105siadami ze wschodu? Doskonale! Rosja jest krajem ca\u0142kowitym potencjalnych kontrahent\u00f3w biznesowych. Je\u017celi nale\u017cysz do starszego pokolenia, z pewno\u015bci\u0105 pami\u0119tasz przynajmniej jeszcze bazowe zwroty. Je\u017celi jednak liczysz na powa\u017cn\u0105 wsp\u00f3\u0142prac\u0119, bieg\u0142o\u015b\u0107 rosyjskiego na poziomie ucznia szko\u0142y \u015bredniej, to zdecydowanie za ma\u0142o. Od czego jednak s\u0105 t\u0142umaczenia przysi\u0119g\u0142e? Znajd\u017a odpowiedniego specjalist\u0119 i pozw\u00f3l swojej firmie na pe\u0142en rozw\u00f3j!<\/p>\n<h2>ukrai\u0144ski<\/h2>\n<p>W Polsce przebywa i pracuje poka\u017any odsetek os\u00f3b narodowo\u015bci ukrai\u0144skiej. Je\u017celi kto\u015b zza wschodniej granicy pragnie znale\u017a\u0107 dzia\u0142ania lub uwie\u0144czy\u0107 si\u0119 do Polski, musi przed\u0142o\u017cy\u0107 do w\u0142a\u015bciwych instytucji pakiet dokument\u00f3w w postaci t\u0142umaczenia przysi\u0119g\u0142ego. A mo\u017ce to Twoja firma pragnie zaprosi\u0107 do wsp\u00f3\u0142pracy Ukrainki i Ukrai\u0144c\u00f3w? Je\u017celi tak, pami\u0119taj o obowi\u0105zkach, jakie ci\u0105\u017c\u0105 na Tobie jak pracodawcy wzgl\u0119dem pracownik\u00f3w i wsp\u00f3lnik\u00f3w spoza Unii Europejskiej. Zacznij od znalezienia kompetentnego biura t\u0142umacze\u0144, z kt\u00f3rego pomoc\u0105 za\u0142atwisz wszystkie formalno\u015bci.<\/p>\n<h2>francuski<\/h2>\n<p>Trudno jest znale\u017a\u0107 osob\u0119, kt\u00f3rej nie podoba\u0142oby si\u0119 brzmienie j\u0119zyka francuskiego. Je\u015bli wybierasz si\u0119 w podr\u00f3\u017c do pi\u0119knej Francji, z pewno\u015bci\u0105 przyda Ci si\u0119 kieszonkowy s\u0142ownik i komplet rozm\u00f3wek. Je\u015bli jednak przewidujesz rozpocz\u0105\u0107 aktywno\u015b\u0107 zawodow\u0105 w tym pa\u0144stwie, nawi\u0105za\u0107 kooperacj\u0119 z francuskimi przedsi\u0119biorcami czy kupowa\u0107 nieruchomo\u015b\u0107, musisz koniecznie skorzysta\u0107 z us\u0142ug biura t\u0142umacze\u0144, kt\u00f3re zajmuje si\u0119 t\u0142umaczeniem przysi\u0119g\u0142ym w zakresie j\u0119zyka francuskiego. Bez uwierzytelnionych pism nie mo\u017cesz bowiem za\u0142atwi\u0107 \u017cadnych spraw w urz\u0119dzie, banku czy trybunale.<\/p>\n<h2>hiszpa\u0144ski<\/h2>\n<p>J\u0119zyk hiszpa\u0144ski zaliczany jest do najpowszechniej u\u017cywanych j\u0119zyk\u00f3w \u015bwiata. Jest to oficjalny j\u0119zyk zar\u00f3wno w Hiszpanii, jak i w wielu krajach Ameryki \u0141aci\u0144skiej. Chcesz rzuci\u0107 wszystko i odjecha\u0107 do Madrytu albo Buenos Aires? A mo\u017ce chcesz, aby Twoja firma otworzy\u0142a si\u0119 na wsp\u00f3\u0142prac\u0119 z przedstawicielami tych egzotycznych kraj\u00f3w? Tak czy inaczej, zacznij od za\u0142atwiania spraw formalnych wiele wcze\u015bniej. Przeprowadzka lub podj\u0119cie pracy w jednym z kraj\u00f3w hiszpa\u0144skoj\u0119zycznych wymaga skompletowania wielu pism, kt\u00f3re wymagaj\u0105 t\u0142umaczenia przysi\u0119g\u0142ego.<\/p>\n<h2>w\u0142oski<\/h2>\n<p>W\u0142oski, na r\u00f3wni z francuskim i hiszpa\u0144skim, jest dopuszczany za jeden z najpi\u0119kniejszych j\u0119zyk\u00f3w \u015bwiata. Je\u015bli jednak obcujesz z tym j\u0119zykiem nie tylko podczas ferii, ale tak\u017ce w \u017cyciu zawodowym, powiniene\u015b skorzysta\u0107 z us\u0142ug biura t\u0142umacze\u0144, kt\u00f3re wykona dla Twojej firmy t\u0142umaczenia przysi\u0119g\u0142e. Liczysz na wsp\u00f3\u0142prac\u0119 z w\u0142oskimi kontrahentami? A mo\u017ce my\u015blisz o inwestycji na po\u0142udniu Europy? Bez wzgl\u0119du na to, jakie s\u0105 Twoje pomys\u0142y, pami\u0119taj, \u017ce \u017cadnej oficjalnej sprawy nie zorganizujesz bez t\u0142umacza przysi\u0119g\u0142ego.<br \/>\n&nbsp;<\/p>\n<h2>Zalety wykonania t\u0142umaczenia przysi\u0119g\u0142ego dokument\u00f3w samochodowych przez profesjonalist\u00f3w.<\/h2>\n<p>Je\u017celi zdecydowa\u0142e\u015b si\u0119 na zakup pojazdu pochodz\u0105cego z innego kraju t\u0142umaczenie dokument\u00f3w koniecznych do rejestracji pojazdu powiniene\u015b zleci\u0107 profesjonalnemu t\u0142umaczowi przysi\u0119g\u0142emu. T\u0142umaczenie dokument\u00f3w samochodowych jest specyficzn\u0105 us\u0142ug\u0105 zarezerwowan\u0105 wy\u0142\u0105cznie dla t\u0142umacza przysi\u0119g\u0142ego. T\u0142umaczenia takie odbywaj\u0105 si\u0119 bowiem na standardowych szablonach, unikalnych dla kraju pochodzenia Twojego pojazdu. Dzi\u0119ki skupieniu t\u0142umacza i niezwyk\u0142ej skrupulatno\u015bci przy wprowadzeniu danych masz pewno\u015b\u0107, \u017ce przek\u0142ad dokument\u00f3w zostanie przeprowadzony z zachowaniem najwy\u017cszych standard\u00f3w. <\/p>\n<h2> Ile trwa wykonanie t\u0142umaczenia przysi\u0119g\u0142ego dokument\u00f3w samochodowych?<\/h2>\n<p>Zakupi\u0142e\u015b samoch\u00f3d, motocykl czy inny pojazd za granic\u0105 i wszystkie dokumenty s\u0105 napisane w obcym j\u0119zyku? Aby zarejestrowa\u0107 pojazd w Polsce i dope\u0142ni\u0107 wszelkich formalno\u015bci, zle\u0107 przet\u0142umaczenie dokument\u00f3w do\u015bwiadczonemu w tego typu sprawach t\u0142umaczowi. Dlaczego wa\u017cne, aby t\u0142umacz mia\u0142 odpowiednie do\u015bwiadczenie? Poniewa\u017c tylko taka osoba gwarantuje, \u017ce dokumenty b\u0119d\u0105 przygotowane poprawnie. Pami\u0119taj, \u017ce dokumenty, kt\u00f3re przedk\u0142adasz w Wydziale Rejestracji Pojazd\u00f3w musz\u0105 by\u0107 przygotowane przez t\u0142umacza przysi\u0119g\u0142ego. Chcesz szybko za\u0142atwi\u0107 ca\u0142\u0105 spraw\u0119 i korzysta\u0107 z pojazdu? Je\u015bli korzystasz z us\u0142ug t\u0142umacza przysi\u0119g\u0142ego, musisz za\u0142o\u017cy\u0107, \u017ce wykonanie takiego t\u0142umaczenia potrwa oko\u0142o 3 dni, poniewa\u017c zazwyczaj dokument\u00f3w nie jest wi\u0119cej ni\u017c 18 stron (maks. 6 stron dziennie).<\/p>\n<p>W przypadku t\u0142umacze\u0144 pilnych t\u0142umaczenia trwa nie mniej ni\u017c 2 dni na ka\u017cde 7-9 stron tekstu dziennie, jednak wtedy cena wzrasta o 20%. Je\u015bli potrzebujesz dokument\u00f3w w trybie ekspresowym lub gdy masz mniej ni\u017c 1 dzie\u0144 na t\u0142umaczenie, a stron jest 10-12, wtedy cena wzrasta o 60%. Mo\u017cliwe jest te\u017c t\u0142umaczenie w trybie superekspresowym, w mniej ni\u017c 24 godziny lub powy\u017cej 12 stron dziennie \u2013 musisz si\u0119 liczy\u0107 wtedy ze wzrostem ceny o 100%. \u00a0\u00a0\u00a0\u00a0<\/p>\n","protected":false},"excerpt":{"rendered":"<p>Czym s\u0105 t\u0142umaczenia przysi\u0119g\u0142e dokument\u00f3w samochodowych? Planujesz sprowadzi\u0107 samoch\u00f3d z zagranicy? A mo\u017ce kupi\u0142e\u015b sprowadzone auto, kt\u00f3re nie zosta\u0142o jeszcze zarejestrowane w Polsce? Chc\u0105c dope\u0142ni\u0107 formalno\u015bci<span class=\"excerpt-hellip\"> [\u2026]<\/span><\/p>\n","protected":false},"author":3,"featured_media":0,"parent":0,"menu_order":0,"comment_status":"closed","ping_status":"closed","template":"","meta":{"footnotes":""},"class_list":["post-89","page","type-page","status-publish","hentry"],"_links":{"self":[{"href":"https:\/\/amar24.pl\/tlumacz-przysiegly-warszawa-mokotow\/wp-json\/wp\/v2\/pages\/89","targetHints":{"allow":["GET"]}}],"collection":[{"href":"https:\/\/amar24.pl\/tlumacz-przysiegly-warszawa-mokotow\/wp-json\/wp\/v2\/pages"}],"about":[{"href":"https:\/\/amar24.pl\/tlumacz-przysiegly-warszawa-mokotow\/wp-json\/wp\/v2\/types\/page"}],"author":[{"embeddable":true,"href":"https:\/\/amar24.pl\/tlumacz-przysiegly-warszawa-mokotow\/wp-json\/wp\/v2\/users\/3"}],"replies":[{"embeddable":true,"href":"https:\/\/amar24.pl\/tlumacz-przysiegly-warszawa-mokotow\/wp-json\/wp\/v2\/comments?post=89"}],"version-history":[{"count":0,"href":"https:\/\/amar24.pl\/tlumacz-przysiegly-warszawa-mokotow\/wp-json\/wp\/v2\/pages\/89\/revisions"}],"wp:attachment":[{"href":"https:\/\/amar24.pl\/tlumacz-przysiegly-warszawa-mokotow\/wp-json\/wp\/v2\/media?parent=89"}],"curies":[{"name":"wp","href":"https:\/\/api.w.org\/{rel}","templated":true}]}}